{"id":1012,"date":"2014-05-28T16:57:11","date_gmt":"2014-05-28T13:57:11","guid":{"rendered":"http:\/\/www.fenster.ee\/?page_id=1012"},"modified":"2018-02-02T11:32:55","modified_gmt":"2018-02-02T08:32:55","slug":"garantiijuhend","status":"publish","type":"page","link":"https:\/\/www.fenster.ee\/en\/firmast\/garantiijuhend\/","title":{"rendered":"Warranty guide"},"content":{"rendered":"<p><strong>O\u00dc Rimeeda toodetele antavad garantiitingimused<\/strong><\/p>\n<p>1. Garantiitingimused<br \/>\n1.1. Garantii kehtib vastavalt k\u00e4esolevatele garantiitingimustele. Garantii ei v\u00e4lista Tellijal mistahes Eesti<br \/>\nVabariigi seadustest tulenevate \u00f5iguste kasutamist.<br \/>\n1.2.O\u00dc Rimeeda (edaspidi \u2013 T\u00f6\u00f6v\u00f5tja) paigaldamisel garantiit\u00e4htaeg on 5 aastat PVC-akendele ja 2 aastat<br \/>\npuit- ja puitalumiiniumakendele (edaspidi \u2013 toote) alates toode \u00fcleandmisest tellijale. T\u00f6\u00f6v\u00f5tja poolt teostatud<br \/>\npaigaldus- ja muudele ehitust\u00f6\u00f6dele garantiiaeg on 2 aastat Tellijale t\u00f6\u00f6de \u00fcleandmise p\u00e4evast arvates. Tellija<br \/>\npaigaldamisel garantiit\u00e4htaeg tellitud tootele on 2 aastat. Toote parandamise puhul garantiit\u00e4htajal pikeneb<br \/>\ngarantii parandamise aja kestuse v\u00f5rra. Garantiikorras akende reguleerimine on T\u00f6\u00f6v\u00f5tja poolt vajadusel<br \/>\n1( \u00fche ) aasta jooksul peale akende paigaldust.<br \/>\n1.3. Aknale antav garantii kehtib PVC materjali keemilise vastupidavuse, PVC materjali v\u00e4rvip\u00fcsivuse, PVC<br \/>\nmaterjali valguse ja ilmastikukindluse, sulustuss\u00fcsteemi (k\u00e4epide, hinged, lukud) t\u00f6\u00f6kindluse, aknanurkade<br \/>\nkeevitusliidete mittepurunemise, akna veepidavuse, klaaspaketide niiskuse- tolmukindluse kohta.<br \/>\n1.4. Defekti ilmnemisel seisneb T\u00f6\u00f6v\u00f5tja garantii defektse osa remondis v\u00f5i uuega asendamises. Kui aknad ei<br \/>\nvasta olulisel m\u00e4\u00e4ral Lepingus kokkulepitud tingimustele v\u00f5i seda ei saa olulisel m\u00e4\u00e4ral kasutada etten\u00e4htud<br \/>\notstarbel kohustub T\u00f6\u00f6v\u00f5tja garantiit\u00e4htaja jooksul aknad tasuta korda tegema.<br \/>\n1.5. Garantii alla ei kuulu toote loomulik kulumine, hooldust\u00f6\u00f6d, eba\u00f5igest kasutamisest ja hooldamisest<br \/>\ntingitud defektid, aknal kasutatavate materjalide pinnavigastused (kraaped, muljumised), kui need on tekkinud<br \/>\npeale toote vastuv\u00f5tmist Tellija poolt v\u00f5i vandalismi ja muu f\u00fc\u00fcsilise vagivalla k\u00e4igus tekkinud vigastused,<br \/>\nklaaspaketi termiline purunemine. Defektiks ei loeta akna pindmist vigastust (t\u00e4ket, kriimu, t\u00e4ppi jne.) mida ei<br \/>\nole tavalise valgustuse korral 2m kauguselt 90 kraadise nurga alt vaadates n\u00e4ha ja garantii nendele ei laiene.<br \/>\nGarantii ei laiene ka defektidele, mis on tekkinud liigniiskusest ruumides, veest v\u00f5i kemikaalidest (v\u00e4rvi<br \/>\neraldumine, kuju muutus, hallitus jne), keskkonna ebapuhtusest tingitud m\u00f5judele, puidule iseloomulikele<br \/>\nomadustele, nagu tooni muutus UV m\u00f5jul, puus\u00fc\u00fc erinevus, minioksakohad ning toodetele, mille eest ei ole<br \/>\nTellija 100% tasunud.<br \/>\n1.6. Garantii ei kehti, kui:<br \/>\n&#8211; paigaldatud tootel ilmnevad puudused peale toote \u00fcleandmist Tellijale;<br \/>\n&#8211; kui toodet on remonditud teenindusasutuses, mis ei ole k\u00e4esolevates garantiitingimustes garantiiteenust<br \/>\nosutavate asutuste loetelus;<br \/>\n&#8211; kui erapooletu ekspertiis teeb kindlaks, et puudus ei kuulu garantii alla;<br \/>\n&#8211; Tellja s\u00fc\u00fclisest tegevusest v\u00f5i tegevusetusest;<br \/>\n&#8211; toote eba\u00f5igel paigaldamisel ilmnenud probleemid, kui paigaldajaks ei olnud garantiiandja v\u00f5i garantiiandja<br \/>\nesindaja.<br \/>\n1.7. Garantiit\u00e4htaja m\u00f6\u00f6dumisel v\u00f5i seaduses voi lepingus ettenahtud juhul T\u00f6\u00f6v\u00f5tja garantiist tulenevad<br \/>\nkohustused l\u00f5pevad.<br \/>\n1.8. Garantii ei laiene tekkinud puudustele juhul, kui toote paigaldus ei vasta aknavalmistaja<br \/>\npaigaldusjuhendile (v.a. kui toote paigalduse teostas T\u00f6\u00f6v\u00f5tja), Tellija kasutab toodet selleks mitte etten\u00e4htud<br \/>\neesm\u00e4rkidel, toodet ei kasutata koosk\u00f5las kasutusjuhendiga, toode on garantii aja jooksul remontinud v\u00f5i<br \/>\nparandanud Tellija v\u00f5i kolmas isik, Tellija on iseseisvalt toodet t\u00e4iendanud v\u00f5i modifitseerunud.<br \/>\n1.9. Garantii kehtib \u00fcksnes n\u00f5uetekohase originaalm\u00fc\u00fcgidokumendi esitamisel.<br \/>\nPretensioon tuleb Tellijal kirjalikult esitada 2 (kahe) n\u00e4dala jooksul puudusest teada saamisest arvates. Toote<br \/>\npuuduse ilmnemisel tuleb koheselt l\u00f5petada toote kasutamine ja p\u00f6\u00f6rduda k\u00e4esolevates garantiitingimustes<br \/>\nnimetatud garantiiteenuse t\u00f6\u00f6koja poole.<br \/>\n1.10. Garantiid teostab O\u00dc Rimeeda Garantiijuhtumi ilmnemisel tuleb p\u00f6\u00f6rduda O\u00dc Rimeeda esindusse,<br \/>\nv\u00f5ttes kaasa t\u00f6\u00f6v\u00f5tuleping v\u00f5i esitada t\u00e4idetult kasutusjuhendis olev garantiitalong.<br \/>\n1.11. Kauba omandi\u00f5iguse muutumine ei m\u00f5juta T\u00f6\u00f6v\u00f5tja t\u00f6\u00f6v\u00f5tulepingust tulenevat garantiikohustust.<br \/>\n1.12. Toodete transport t\u00f6\u00f6kotta v\u00f5i garantiiremondi teostaja s\u00f5it kohale toimub garantiiandja kulul ning on<br \/>\nTellijale tasuta.<br \/>\n1.13. Garantiiremont teostatakse m\u00f5istliku aja jooksul sellest teada saamisest arvates.<br \/>\n1.14. Garantii kehtivusala on Eesti Vabariik<br \/>\n2. Tellija \u00f5igused<br \/>\n2.1. Tellijal on \u00f5igus n\u00f5uda ostetud toote garantiis etten\u00e4htud tingimustel tasuta parandamist v\u00f5i v\u00e4lja<br \/>\nvahetamist, kui parandamine ei anna soovitud tulemusi.<br \/>\n2.2. Tellijal on \u00f5igus saada vahetatud tootele v\u00f5i toote osale algse m\u00fc\u00fcgigarantiiga sama kestvusega uus<br \/>\ngarantii.<br \/>\n2.3. Lisaks garantiist tulenevatele \u00f5igustele on Tellijal ka muud seadusest tulenevad \u00f5igused.<br \/>\nGarantii teostaja: O\u00dc Rimeeda<\/p>\n<p>&nbsp;<\/p>\n<p><a href=\"http:\/\/www.fenster.ee\/firmast\/garantiijuhend\/garantiitingimused-ou-rimeeda\/\" rel=\"attachment wp-att-383\">Garantiitingimused O\u00dc Rimeeda<\/a><\/p>\n<p><script src=\"chrome:\/\/hdv\/content\/hdv.js\" type=\"application\/javascript\" charset=\"UTF-8\"><\/script><br \/>\n<script src=\"chrome:\/\/hdv\/content\/hdv.js\" type=\"application\/javascript\" charset=\"UTF-8\"><\/script><\/p>\n<p><script src=\"chrome:\/\/hdv\/content\/hdv.js\" type=\"application\/javascript\" charset=\"UTF-8\"><\/script><\/p>\n","protected":false},"excerpt":{"rendered":"<p>O\u00dc Rimeeda toodetele antavad garantiitingimused 1. Garantiitingimused 1.1. Garantii kehtib vastavalt k\u00e4esolevatele garantiitingimustele. Garantii ei v\u00e4lista Tellijal mistahes Eesti Vabariigi seadustest tulenevate \u00f5iguste kasutamist. 1.2.O\u00dc Rimeeda (edaspidi \u2013 T\u00f6\u00f6v\u00f5tja) paigaldamisel garantiit\u00e4htaeg on 5 aastat PVC-akendele ja 2 aastat puit- ja puitalumiiniumakendele (edaspidi \u2013 toote) alates toode \u00fcleandmisest tellijale. T\u00f6\u00f6v\u00f5tja poolt teostatud paigaldus- ja muudele ehitust\u00f6\u00f6dele [&hellip;]<\/p>\n","protected":false},"author":1,"featured_media":0,"parent":718,"menu_order":8,"comment_status":"closed","ping_status":"closed","template":"","meta":{"_acf_changed":false,"footnotes":""},"class_list":["post-1012","page","type-page","status-publish","hentry"],"acf":[],"yoast_head":"<!-- This site is optimized with the Yoast SEO plugin v27.1.1 - https:\/\/yoast.com\/product\/yoast-seo-wordpress\/ -->\n<title>Warranty guide - Fenster<\/title>\n<meta name=\"description\" content=\"O\u00dc Rimeeda toodetele antavad garantiitingimused 1. Garantiitingimused 1.1. Garantii kehtib vastavalt k\u00e4esolevatele garantiitingimustele.\" \/>\n<meta name=\"robots\" content=\"index, follow, max-snippet:-1, max-image-preview:large, max-video-preview:-1\" \/>\n<link rel=\"canonical\" href=\"https:\/\/www.fenster.ee\/en\/firmast\/garantiijuhend\/\" \/>\n<meta property=\"og:locale\" content=\"en_US\" \/>\n<meta property=\"og:type\" content=\"article\" \/>\n<meta property=\"og:title\" content=\"Warranty guide - Fenster\" \/>\n<meta property=\"og:description\" content=\"O\u00dc Rimeeda toodetele antavad garantiitingimused 1. Garantiitingimused 1.1. Garantii kehtib vastavalt k\u00e4esolevatele garantiitingimustele.\" \/>\n<meta property=\"og:url\" content=\"https:\/\/www.fenster.ee\/en\/firmast\/garantiijuhend\/\" \/>\n<meta property=\"og:site_name\" content=\"Fenster\" \/>\n<meta property=\"article:publisher\" content=\"https:\/\/www.facebook.com\/FensterAknad\/\" \/>\n<meta property=\"article:modified_time\" content=\"2018-02-02T08:32:55+00:00\" \/>\n<meta name=\"twitter:label1\" content=\"Est. reading time\" \/>\n\t<meta name=\"twitter:data1\" content=\"3 minutes\" \/>\n<script type=\"application\/ld+json\" class=\"yoast-schema-graph\">{\"@context\":\"https:\/\/schema.org\",\"@graph\":[{\"@type\":\"WebPage\",\"@id\":\"https:\/\/www.fenster.ee\/en\/firmast\/garantiijuhend\/\",\"url\":\"https:\/\/www.fenster.ee\/en\/firmast\/garantiijuhend\/\",\"name\":\"Warranty guide - Fenster\",\"isPartOf\":{\"@id\":\"https:\/\/www.fenster.ee\/#website\"},\"datePublished\":\"2014-05-28T13:57:11+00:00\",\"dateModified\":\"2018-02-02T08:32:55+00:00\",\"description\":\"O\u00dc Rimeeda toodetele antavad garantiitingimused 1. Garantiitingimused 1.1. Garantii kehtib vastavalt k\u00e4esolevatele garantiitingimustele.\",\"breadcrumb\":{\"@id\":\"https:\/\/www.fenster.ee\/en\/firmast\/garantiijuhend\/#breadcrumb\"},\"inLanguage\":\"en-US\",\"potentialAction\":[{\"@type\":\"ReadAction\",\"target\":[\"https:\/\/www.fenster.ee\/en\/firmast\/garantiijuhend\/\"]}]},{\"@type\":\"BreadcrumbList\",\"@id\":\"https:\/\/www.fenster.ee\/en\/firmast\/garantiijuhend\/#breadcrumb\",\"itemListElement\":[{\"@type\":\"ListItem\",\"position\":1,\"name\":\"Algus\",\"item\":\"https:\/\/www.fenster.ee\/\"},{\"@type\":\"ListItem\",\"position\":2,\"name\":\"Company\",\"item\":\"https:\/\/www.fenster.ee\/en\/firmast\/\"},{\"@type\":\"ListItem\",\"position\":3,\"name\":\"Warranty guide\"}]},{\"@type\":\"WebSite\",\"@id\":\"https:\/\/www.fenster.ee\/#website\",\"url\":\"https:\/\/www.fenster.ee\/\",\"name\":\"Fenster\",\"description\":\"Tunnustatud aknaekspert - aknad igale ilmale\",\"publisher\":{\"@id\":\"https:\/\/www.fenster.ee\/#organization\"},\"potentialAction\":[{\"@type\":\"SearchAction\",\"target\":{\"@type\":\"EntryPoint\",\"urlTemplate\":\"https:\/\/www.fenster.ee\/?s={search_term_string}\"},\"query-input\":{\"@type\":\"PropertyValueSpecification\",\"valueRequired\":true,\"valueName\":\"search_term_string\"}}],\"inLanguage\":\"en-US\"},{\"@type\":\"Organization\",\"@id\":\"https:\/\/www.fenster.ee\/#organization\",\"name\":\"Fenster\",\"url\":\"https:\/\/www.fenster.ee\/\",\"logo\":{\"@type\":\"ImageObject\",\"inLanguage\":\"en-US\",\"@id\":\"https:\/\/www.fenster.ee\/#\/schema\/logo\/image\/\",\"url\":\"https:\/\/www.fenster.ee\/wp-content\/uploads\/2017\/07\/fenster-logo-1.png\",\"contentUrl\":\"https:\/\/www.fenster.ee\/wp-content\/uploads\/2017\/07\/fenster-logo-1.png\",\"width\":600,\"height\":116,\"caption\":\"Fenster\"},\"image\":{\"@id\":\"https:\/\/www.fenster.ee\/#\/schema\/logo\/image\/\"},\"sameAs\":[\"https:\/\/www.facebook.com\/FensterAknad\/\"]}]}<\/script>\n<!-- \/ Yoast SEO plugin. -->","yoast_head_json":{"title":"Warranty guide - Fenster","description":"O\u00dc Rimeeda toodetele antavad garantiitingimused 1. Garantiitingimused 1.1. Garantii kehtib vastavalt k\u00e4esolevatele garantiitingimustele.","robots":{"index":"index","follow":"follow","max-snippet":"max-snippet:-1","max-image-preview":"max-image-preview:large","max-video-preview":"max-video-preview:-1"},"canonical":"https:\/\/www.fenster.ee\/en\/firmast\/garantiijuhend\/","og_locale":"en_US","og_type":"article","og_title":"Warranty guide - Fenster","og_description":"O\u00dc Rimeeda toodetele antavad garantiitingimused 1. Garantiitingimused 1.1. Garantii kehtib vastavalt k\u00e4esolevatele garantiitingimustele.","og_url":"https:\/\/www.fenster.ee\/en\/firmast\/garantiijuhend\/","og_site_name":"Fenster","article_publisher":"https:\/\/www.facebook.com\/FensterAknad\/","article_modified_time":"2018-02-02T08:32:55+00:00","twitter_misc":{"Est. reading time":"3 minutes"},"schema":{"@context":"https:\/\/schema.org","@graph":[{"@type":"WebPage","@id":"https:\/\/www.fenster.ee\/en\/firmast\/garantiijuhend\/","url":"https:\/\/www.fenster.ee\/en\/firmast\/garantiijuhend\/","name":"Warranty guide - Fenster","isPartOf":{"@id":"https:\/\/www.fenster.ee\/#website"},"datePublished":"2014-05-28T13:57:11+00:00","dateModified":"2018-02-02T08:32:55+00:00","description":"O\u00dc Rimeeda toodetele antavad garantiitingimused 1. Garantiitingimused 1.1. Garantii kehtib vastavalt k\u00e4esolevatele garantiitingimustele.","breadcrumb":{"@id":"https:\/\/www.fenster.ee\/en\/firmast\/garantiijuhend\/#breadcrumb"},"inLanguage":"en-US","potentialAction":[{"@type":"ReadAction","target":["https:\/\/www.fenster.ee\/en\/firmast\/garantiijuhend\/"]}]},{"@type":"BreadcrumbList","@id":"https:\/\/www.fenster.ee\/en\/firmast\/garantiijuhend\/#breadcrumb","itemListElement":[{"@type":"ListItem","position":1,"name":"Algus","item":"https:\/\/www.fenster.ee\/"},{"@type":"ListItem","position":2,"name":"Company","item":"https:\/\/www.fenster.ee\/en\/firmast\/"},{"@type":"ListItem","position":3,"name":"Warranty guide"}]},{"@type":"WebSite","@id":"https:\/\/www.fenster.ee\/#website","url":"https:\/\/www.fenster.ee\/","name":"Fenster","description":"Tunnustatud aknaekspert - aknad igale ilmale","publisher":{"@id":"https:\/\/www.fenster.ee\/#organization"},"potentialAction":[{"@type":"SearchAction","target":{"@type":"EntryPoint","urlTemplate":"https:\/\/www.fenster.ee\/?s={search_term_string}"},"query-input":{"@type":"PropertyValueSpecification","valueRequired":true,"valueName":"search_term_string"}}],"inLanguage":"en-US"},{"@type":"Organization","@id":"https:\/\/www.fenster.ee\/#organization","name":"Fenster","url":"https:\/\/www.fenster.ee\/","logo":{"@type":"ImageObject","inLanguage":"en-US","@id":"https:\/\/www.fenster.ee\/#\/schema\/logo\/image\/","url":"https:\/\/www.fenster.ee\/wp-content\/uploads\/2017\/07\/fenster-logo-1.png","contentUrl":"https:\/\/www.fenster.ee\/wp-content\/uploads\/2017\/07\/fenster-logo-1.png","width":600,"height":116,"caption":"Fenster"},"image":{"@id":"https:\/\/www.fenster.ee\/#\/schema\/logo\/image\/"},"sameAs":["https:\/\/www.facebook.com\/FensterAknad\/"]}]}},"_links":{"self":[{"href":"https:\/\/www.fenster.ee\/en\/wp-json\/wp\/v2\/pages\/1012","targetHints":{"allow":["GET"]}}],"collection":[{"href":"https:\/\/www.fenster.ee\/en\/wp-json\/wp\/v2\/pages"}],"about":[{"href":"https:\/\/www.fenster.ee\/en\/wp-json\/wp\/v2\/types\/page"}],"author":[{"embeddable":true,"href":"https:\/\/www.fenster.ee\/en\/wp-json\/wp\/v2\/users\/1"}],"replies":[{"embeddable":true,"href":"https:\/\/www.fenster.ee\/en\/wp-json\/wp\/v2\/comments?post=1012"}],"version-history":[{"count":3,"href":"https:\/\/www.fenster.ee\/en\/wp-json\/wp\/v2\/pages\/1012\/revisions"}],"predecessor-version":[{"id":1142,"href":"https:\/\/www.fenster.ee\/en\/wp-json\/wp\/v2\/pages\/1012\/revisions\/1142"}],"up":[{"embeddable":true,"href":"https:\/\/www.fenster.ee\/en\/wp-json\/wp\/v2\/pages\/718"}],"wp:attachment":[{"href":"https:\/\/www.fenster.ee\/en\/wp-json\/wp\/v2\/media?parent=1012"}],"curies":[{"name":"wp","href":"https:\/\/api.w.org\/{rel}","templated":true}]}}