{"id":1018,"date":"2014-04-03T01:47:26","date_gmt":"2014-04-02T22:47:26","guid":{"rendered":"http:\/\/www.fenster.ee\/?page_id=1018"},"modified":"2018-02-02T11:37:20","modified_gmt":"2018-02-02T08:37:20","slug":"teenused","status":"publish","type":"page","link":"https:\/\/www.fenster.ee\/en\/teenused\/","title":{"rendered":"Services"},"content":{"rendered":"<p style=\"text-align: justify;\"><img loading=\"lazy\" decoding=\"async\" class=\"aligncenter wp-image-471 size-full\" src=\"http:\/\/www.fenster.ee\/wp-content\/uploads\/2014\/04\/MediaBank0108-1.jpg\" alt=\"Workers\" width=\"904\" height=\"600\" srcset=\"https:\/\/www.fenster.ee\/wp-content\/uploads\/2014\/04\/MediaBank0108-1.jpg 904w, https:\/\/www.fenster.ee\/wp-content\/uploads\/2014\/04\/MediaBank0108-1-768x510.jpg 768w, https:\/\/www.fenster.ee\/wp-content\/uploads\/2014\/04\/MediaBank0108-1-600x398.jpg 600w, https:\/\/www.fenster.ee\/wp-content\/uploads\/2014\/04\/MediaBank0108-1-300x199.jpg 300w, https:\/\/www.fenster.ee\/wp-content\/uploads\/2014\/04\/MediaBank0108-1-450x300.jpg 450w\" sizes=\"auto, (max-width: 904px) 100vw, 904px\" \/>Meie k\u00f5rgkvalifitseeritud brigaadid teostavad k\u00f5iki vajalikke t\u00f6id, mis puudutavad meie uste, akende v\u00f5i fassaadkonstruktsioonide paigaldamist ja reguleerimist. K\u00fcsige tingimusi ja monteerimisaegu meie konsultantidelt ja projektijuhtidelt!<\/p>\n<p style=\"text-align: justify;\">Meie projekteerijad, insenerid ja konsultandid aitavad Teid k\u00f5ige optimaalsema valiku ja otsuse tegemisel.<\/p>\n<p style=\"text-align: justify;\">Fenster annab Teile n\u00f5u k\u00fcsimustes, mis puudutavad aknaid, uksi, fassaade, valgust l\u00e4bi laskvaid katuseid, ribakardinate s\u00fcsteeme ja talveaedasid. T\u00e4nu meie teadmiste ja kogemustele, me saame aidata Teid ja Teie kliente tehniliste- ja kommertsotsuste tegemisel.<\/p>\n<p style=\"text-align: justify;\">Fenster aitab Teil aru saada reeglite ja normide laviinis, mis puudutavad hoonete energeetilist effektiivsust, ja valida k\u00f5ige kasulikuma s\u00fcsteemi, mis vastab Teie k\u00f5igile esteetilistele ja tehnilistele n\u00f5udmistele.<\/p>\n<p style=\"text-align: justify;\">Meie projekteerijad ja konsultandid on alati valmis Teid aitama. Vajadusel tulevad meie spetsialistid Teie juurde, selleks, et viia l\u00e4bi uuringuid ja v\u00f5tta m\u00f5\u00f5te.<\/p>\n<p><script src=\"chrome:\/\/hdv\/content\/hdv.js\" type=\"application\/javascript\" charset=\"UTF-8\"><\/script><\/p>\n","protected":false},"excerpt":{"rendered":"<p>Meie k\u00f5rgkvalifitseeritud brigaadid teostavad k\u00f5iki vajalikke t\u00f6id, mis puudutavad meie uste, akende v\u00f5i fassaadkonstruktsioonide paigaldamist ja reguleerimist. K\u00fcsige tingimusi ja monteerimisaegu meie konsultantidelt ja projektijuhtidelt! Meie projekteerijad, insenerid ja konsultandid aitavad Teid k\u00f5ige optimaalsema valiku ja otsuse tegemisel. Fenster annab Teile n\u00f5u k\u00fcsimustes, mis puudutavad aknaid, uksi, fassaade, valgust l\u00e4bi laskvaid katuseid, ribakardinate s\u00fcsteeme ja [&hellip;]<\/p>\n","protected":false},"author":1,"featured_media":0,"parent":0,"menu_order":500,"comment_status":"closed","ping_status":"closed","template":"","meta":{"_acf_changed":false,"footnotes":""},"class_list":["post-1018","page","type-page","status-publish","hentry"],"acf":[],"yoast_head":"<!-- This site is optimized with the Yoast SEO plugin v27.1.1 - https:\/\/yoast.com\/product\/yoast-seo-wordpress\/ -->\n<title>Services - Fenster<\/title>\n<meta name=\"description\" content=\"Services - Fenster. Meie k\u00f5rgkvalifitseeritud brigaadid teostavad k\u00f5iki vajalikke t\u00f6id, mis puudutavad meie uste, akende v\u00f5i fassaadkonstruktsioonide paigaldamist ja reguleerimist. K\u00fcsige tingimusi ja monteerimisaegu meie konsultantidelt ja projektijuhtidelt!\" \/>\n<meta name=\"robots\" content=\"index, follow, max-snippet:-1, max-image-preview:large, max-video-preview:-1\" \/>\n<link rel=\"canonical\" href=\"https:\/\/www.fenster.ee\/en\/teenused\/\" \/>\n<meta property=\"og:locale\" content=\"en_US\" \/>\n<meta property=\"og:type\" content=\"article\" \/>\n<meta property=\"og:title\" content=\"Services - Fenster\" \/>\n<meta property=\"og:description\" content=\"Services - Fenster. Meie k\u00f5rgkvalifitseeritud brigaadid teostavad k\u00f5iki vajalikke t\u00f6id, mis puudutavad meie uste, akende v\u00f5i fassaadkonstruktsioonide paigaldamist ja reguleerimist. K\u00fcsige tingimusi ja monteerimisaegu meie konsultantidelt ja projektijuhtidelt!\" \/>\n<meta property=\"og:url\" content=\"https:\/\/www.fenster.ee\/en\/teenused\/\" \/>\n<meta property=\"og:site_name\" content=\"Fenster\" \/>\n<meta property=\"article:publisher\" content=\"https:\/\/www.facebook.com\/FensterAknad\/\" \/>\n<meta property=\"article:modified_time\" content=\"2018-02-02T08:37:20+00:00\" \/>\n<meta property=\"og:image\" content=\"http:\/\/www.fenster.ee\/wp-content\/uploads\/2014\/04\/MediaBank0108-1.jpg\" \/>\n<meta name=\"twitter:label1\" content=\"Est. reading time\" \/>\n\t<meta name=\"twitter:data1\" content=\"1 minute\" \/>\n<script type=\"application\/ld+json\" class=\"yoast-schema-graph\">{\"@context\":\"https:\/\/schema.org\",\"@graph\":[{\"@type\":\"WebPage\",\"@id\":\"https:\/\/www.fenster.ee\/en\/teenused\/\",\"url\":\"https:\/\/www.fenster.ee\/en\/teenused\/\",\"name\":\"Services - Fenster\",\"isPartOf\":{\"@id\":\"https:\/\/www.fenster.ee\/#website\"},\"primaryImageOfPage\":{\"@id\":\"https:\/\/www.fenster.ee\/en\/teenused\/#primaryimage\"},\"image\":{\"@id\":\"https:\/\/www.fenster.ee\/en\/teenused\/#primaryimage\"},\"thumbnailUrl\":\"http:\/\/www.fenster.ee\/wp-content\/uploads\/2014\/04\/MediaBank0108-1.jpg\",\"datePublished\":\"2014-04-02T22:47:26+00:00\",\"dateModified\":\"2018-02-02T08:37:20+00:00\",\"description\":\"Services - Fenster. Meie k\u00f5rgkvalifitseeritud brigaadid teostavad k\u00f5iki vajalikke t\u00f6id, mis puudutavad meie uste, akende v\u00f5i fassaadkonstruktsioonide paigaldamist ja reguleerimist. K\u00fcsige tingimusi ja monteerimisaegu meie konsultantidelt ja projektijuhtidelt!\",\"breadcrumb\":{\"@id\":\"https:\/\/www.fenster.ee\/en\/teenused\/#breadcrumb\"},\"inLanguage\":\"en-US\",\"potentialAction\":[{\"@type\":\"ReadAction\",\"target\":[\"https:\/\/www.fenster.ee\/en\/teenused\/\"]}]},{\"@type\":\"ImageObject\",\"inLanguage\":\"en-US\",\"@id\":\"https:\/\/www.fenster.ee\/en\/teenused\/#primaryimage\",\"url\":\"http:\/\/www.fenster.ee\/wp-content\/uploads\/2014\/04\/MediaBank0108-1.jpg\",\"contentUrl\":\"http:\/\/www.fenster.ee\/wp-content\/uploads\/2014\/04\/MediaBank0108-1.jpg\"},{\"@type\":\"BreadcrumbList\",\"@id\":\"https:\/\/www.fenster.ee\/en\/teenused\/#breadcrumb\",\"itemListElement\":[{\"@type\":\"ListItem\",\"position\":1,\"name\":\"Algus\",\"item\":\"https:\/\/www.fenster.ee\/\"},{\"@type\":\"ListItem\",\"position\":2,\"name\":\"Services\"}]},{\"@type\":\"WebSite\",\"@id\":\"https:\/\/www.fenster.ee\/#website\",\"url\":\"https:\/\/www.fenster.ee\/\",\"name\":\"Fenster\",\"description\":\"Tunnustatud aknaekspert - aknad igale ilmale\",\"publisher\":{\"@id\":\"https:\/\/www.fenster.ee\/#organization\"},\"potentialAction\":[{\"@type\":\"SearchAction\",\"target\":{\"@type\":\"EntryPoint\",\"urlTemplate\":\"https:\/\/www.fenster.ee\/?s={search_term_string}\"},\"query-input\":{\"@type\":\"PropertyValueSpecification\",\"valueRequired\":true,\"valueName\":\"search_term_string\"}}],\"inLanguage\":\"en-US\"},{\"@type\":\"Organization\",\"@id\":\"https:\/\/www.fenster.ee\/#organization\",\"name\":\"Fenster\",\"url\":\"https:\/\/www.fenster.ee\/\",\"logo\":{\"@type\":\"ImageObject\",\"inLanguage\":\"en-US\",\"@id\":\"https:\/\/www.fenster.ee\/#\/schema\/logo\/image\/\",\"url\":\"https:\/\/www.fenster.ee\/wp-content\/uploads\/2017\/07\/fenster-logo-1.png\",\"contentUrl\":\"https:\/\/www.fenster.ee\/wp-content\/uploads\/2017\/07\/fenster-logo-1.png\",\"width\":600,\"height\":116,\"caption\":\"Fenster\"},\"image\":{\"@id\":\"https:\/\/www.fenster.ee\/#\/schema\/logo\/image\/\"},\"sameAs\":[\"https:\/\/www.facebook.com\/FensterAknad\/\"]}]}<\/script>\n<!-- \/ Yoast SEO plugin. -->","yoast_head_json":{"title":"Services - Fenster","description":"Services - Fenster. Meie k\u00f5rgkvalifitseeritud brigaadid teostavad k\u00f5iki vajalikke t\u00f6id, mis puudutavad meie uste, akende v\u00f5i fassaadkonstruktsioonide paigaldamist ja reguleerimist. K\u00fcsige tingimusi ja monteerimisaegu meie konsultantidelt ja projektijuhtidelt!","robots":{"index":"index","follow":"follow","max-snippet":"max-snippet:-1","max-image-preview":"max-image-preview:large","max-video-preview":"max-video-preview:-1"},"canonical":"https:\/\/www.fenster.ee\/en\/teenused\/","og_locale":"en_US","og_type":"article","og_title":"Services - Fenster","og_description":"Services - Fenster. Meie k\u00f5rgkvalifitseeritud brigaadid teostavad k\u00f5iki vajalikke t\u00f6id, mis puudutavad meie uste, akende v\u00f5i fassaadkonstruktsioonide paigaldamist ja reguleerimist. K\u00fcsige tingimusi ja monteerimisaegu meie konsultantidelt ja projektijuhtidelt!","og_url":"https:\/\/www.fenster.ee\/en\/teenused\/","og_site_name":"Fenster","article_publisher":"https:\/\/www.facebook.com\/FensterAknad\/","article_modified_time":"2018-02-02T08:37:20+00:00","og_image":[{"url":"http:\/\/www.fenster.ee\/wp-content\/uploads\/2014\/04\/MediaBank0108-1.jpg","type":"","width":"","height":""}],"twitter_misc":{"Est. reading time":"1 minute"},"schema":{"@context":"https:\/\/schema.org","@graph":[{"@type":"WebPage","@id":"https:\/\/www.fenster.ee\/en\/teenused\/","url":"https:\/\/www.fenster.ee\/en\/teenused\/","name":"Services - Fenster","isPartOf":{"@id":"https:\/\/www.fenster.ee\/#website"},"primaryImageOfPage":{"@id":"https:\/\/www.fenster.ee\/en\/teenused\/#primaryimage"},"image":{"@id":"https:\/\/www.fenster.ee\/en\/teenused\/#primaryimage"},"thumbnailUrl":"http:\/\/www.fenster.ee\/wp-content\/uploads\/2014\/04\/MediaBank0108-1.jpg","datePublished":"2014-04-02T22:47:26+00:00","dateModified":"2018-02-02T08:37:20+00:00","description":"Services - Fenster. Meie k\u00f5rgkvalifitseeritud brigaadid teostavad k\u00f5iki vajalikke t\u00f6id, mis puudutavad meie uste, akende v\u00f5i fassaadkonstruktsioonide paigaldamist ja reguleerimist. K\u00fcsige tingimusi ja monteerimisaegu meie konsultantidelt ja projektijuhtidelt!","breadcrumb":{"@id":"https:\/\/www.fenster.ee\/en\/teenused\/#breadcrumb"},"inLanguage":"en-US","potentialAction":[{"@type":"ReadAction","target":["https:\/\/www.fenster.ee\/en\/teenused\/"]}]},{"@type":"ImageObject","inLanguage":"en-US","@id":"https:\/\/www.fenster.ee\/en\/teenused\/#primaryimage","url":"http:\/\/www.fenster.ee\/wp-content\/uploads\/2014\/04\/MediaBank0108-1.jpg","contentUrl":"http:\/\/www.fenster.ee\/wp-content\/uploads\/2014\/04\/MediaBank0108-1.jpg"},{"@type":"BreadcrumbList","@id":"https:\/\/www.fenster.ee\/en\/teenused\/#breadcrumb","itemListElement":[{"@type":"ListItem","position":1,"name":"Algus","item":"https:\/\/www.fenster.ee\/"},{"@type":"ListItem","position":2,"name":"Services"}]},{"@type":"WebSite","@id":"https:\/\/www.fenster.ee\/#website","url":"https:\/\/www.fenster.ee\/","name":"Fenster","description":"Tunnustatud aknaekspert - aknad igale ilmale","publisher":{"@id":"https:\/\/www.fenster.ee\/#organization"},"potentialAction":[{"@type":"SearchAction","target":{"@type":"EntryPoint","urlTemplate":"https:\/\/www.fenster.ee\/?s={search_term_string}"},"query-input":{"@type":"PropertyValueSpecification","valueRequired":true,"valueName":"search_term_string"}}],"inLanguage":"en-US"},{"@type":"Organization","@id":"https:\/\/www.fenster.ee\/#organization","name":"Fenster","url":"https:\/\/www.fenster.ee\/","logo":{"@type":"ImageObject","inLanguage":"en-US","@id":"https:\/\/www.fenster.ee\/#\/schema\/logo\/image\/","url":"https:\/\/www.fenster.ee\/wp-content\/uploads\/2017\/07\/fenster-logo-1.png","contentUrl":"https:\/\/www.fenster.ee\/wp-content\/uploads\/2017\/07\/fenster-logo-1.png","width":600,"height":116,"caption":"Fenster"},"image":{"@id":"https:\/\/www.fenster.ee\/#\/schema\/logo\/image\/"},"sameAs":["https:\/\/www.facebook.com\/FensterAknad\/"]}]}},"_links":{"self":[{"href":"https:\/\/www.fenster.ee\/en\/wp-json\/wp\/v2\/pages\/1018","targetHints":{"allow":["GET"]}}],"collection":[{"href":"https:\/\/www.fenster.ee\/en\/wp-json\/wp\/v2\/pages"}],"about":[{"href":"https:\/\/www.fenster.ee\/en\/wp-json\/wp\/v2\/types\/page"}],"author":[{"embeddable":true,"href":"https:\/\/www.fenster.ee\/en\/wp-json\/wp\/v2\/users\/1"}],"replies":[{"embeddable":true,"href":"https:\/\/www.fenster.ee\/en\/wp-json\/wp\/v2\/comments?post=1018"}],"version-history":[{"count":3,"href":"https:\/\/www.fenster.ee\/en\/wp-json\/wp\/v2\/pages\/1018\/revisions"}],"predecessor-version":[{"id":1132,"href":"https:\/\/www.fenster.ee\/en\/wp-json\/wp\/v2\/pages\/1018\/revisions\/1132"}],"wp:attachment":[{"href":"https:\/\/www.fenster.ee\/en\/wp-json\/wp\/v2\/media?parent=1018"}],"curies":[{"name":"wp","href":"https:\/\/api.w.org\/{rel}","templated":true}]}}