{"id":1031,"date":"2014-04-06T22:00:58","date_gmt":"2014-04-06T19:00:58","guid":{"rendered":"http:\/\/www.fenster.ee\/?page_id=1031"},"modified":"2018-02-09T11:58:55","modified_gmt":"2018-02-09T08:58:55","slug":"pvc-aknad","status":"publish","type":"page","link":"https:\/\/www.fenster.ee\/en\/products\/pvc-aknad\/","title":{"rendered":"PVC windows and doors"},"content":{"rendered":"<p style=\"text-align: justify;\">Viimasel aastak\u00fcmnel on\u00a0 suure populaarsuse v\u00f5itnud aknad, mis toodetakse PVC profiilist. Antud materjali plussideks on selle pikaealisus, v\u00e4hen\u00f5udlikus hoolduses ja v\u00f5rdlemisi odav hind.<\/p>\n<p><img loading=\"lazy\" decoding=\"async\" class=\"alignnone  wp-image-93\" src=\"http:\/\/projects.efley.ee\/fenster\/wp\/wp-content\/uploads\/2014\/04\/1-1024x523.jpg\" alt=\"1\" width=\"717\" height=\"366\" srcset=\"https:\/\/www.fenster.ee\/wp-content\/uploads\/2014\/04\/1-1024x523.jpg 1024w, https:\/\/www.fenster.ee\/wp-content\/uploads\/2014\/04\/1-768x393.jpg 768w, https:\/\/www.fenster.ee\/wp-content\/uploads\/2014\/04\/1-600x307.jpg 600w, https:\/\/www.fenster.ee\/wp-content\/uploads\/2014\/04\/1-300x153.jpg 300w\" sizes=\"auto, (max-width: 717px) 100vw, 717px\" \/><\/p>\n<p style=\"text-align: justify;\">PVC-profiil on t\u00f5eliselt vastupidav ja vastab k\u00f5rgetele standarditele. Stabiilsetes kinnitustes kasutatakse ohutut ja efektiivset titaani ja tsinki, mitte kahjulikku kaadmiumi. Raam, mis on valmistatud plastikust koos valede kinnitustega on tervisele kahjulik, v\u00f5ib muuta v\u00e4rvi, praguneda ja deformeeruda.<\/p>\n<p style=\"text-align: justify;\">Kvaliteetse plastikakna t\u00e4htsaks komponendiks on armeeritud element. See\u00a0kujutab endast metallkonstruktsiooni, mis pannakse plastprofiili sisse andes raamile vajaliku j\u00e4ikuse selleks, et oleks v\u00f5imeline vastu pidama klaaspaketi raskusele, mis v\u00f5ib olla kuni 100 kg. Iga hoone oma elujooksul veidike vajub. Armeeritud element v\u00f5imaldab aknal s\u00e4ilitada oma esialgse v\u00e4ljan\u00e4gemise ja funktsionaalsuse vaatamata sellisele \u201etektoonilisele aktiivsusele\u201c.<br \/>\nK\u00f5rgekvaliteedilistes raamides kasutatakse ruudulist armeerimiselementi. Madalamakvaliteedilistes raamides on see element \u03a0-kujuline. Tootjad, kes soovivad v\u00f5ita kliente eriti soodsa hinnaga, ei kasuta \u00fcldse aknaprofiilides armeerimiselementi. FENSTER kasutab ruudukujulisi elemente.<\/p>\n<p style=\"text-align: justify;\">Mehaaniline aknaosa, nn furnituur, valmistatakse samuti metallist. Kvaliteetne on kroomitud furnituur h\u00f5behalli v\u00e4rvi, mis on kolmekordse roostevaba kattega: tsinkimine, kroomimine ja vahakate molekulaarsel tasandil.<\/p>\n<p style=\"text-align: justify;\">T\u00e4nap\u00e4eval head tooni annab selliste PVC- akende m\u00fc\u00fck, mis omavad miinimum viiekambrilist profiili. Suurem sisemiste kambrite arv annab profiilile lisa j\u00e4ikust ja alandab soojusjuhitavust. \u201eK\u00fclmades\u201c maades kvaliteetsete profiilide v\u00e4lisseinte paksus peab olema v\u00e4hemalt 3 mm.<\/p>\n<p style=\"text-align: justify;\">Akent valides tuleb alati p\u00f6\u00f6rata t\u00e4helepanu \u00fclal mainitud asjaoludele!<\/p>\n<p style=\"text-align: justify;\">PVC-akende tootmisel kasutab Fenster Saksa firma VEKA profiils\u00fcsteeme, mis on antud segmendi \u00fcks maailmaliidritest.<\/p>\n<p><a href=\"https:\/\/www.fenster.ee\/wp-content\/uploads\/2014\/06\/1.-Profiil-Veka_vdk_DQS_Zertifikat_ISO_9001_VEKA_gesamt_deutsch.pdf\" target=\"_blank\">1. Profiil Veka_ISO 9001_sertifikaat_ISO<\/a><\/p>\n<p><script src=\"chrome:\/\/hdv\/content\/hdv.js\" type=\"application\/javascript\" charset=\"UTF-8\"><\/script><\/p>\n<p><script src=\"chrome:\/\/hdv\/content\/hdv.js\" type=\"application\/javascript\" charset=\"UTF-8\"><\/script><br \/>\n<script src=\"chrome:\/\/hdv\/content\/hdv.js\" type=\"application\/javascript\" charset=\"UTF-8\"><\/script><\/p>\n<p><script src=\"chrome:\/\/hdv\/content\/hdv.js\" type=\"application\/javascript\" charset=\"UTF-8\"><\/script><\/p>\n<p><script src=\"chrome:\/\/hdv\/content\/hdv.js\" type=\"application\/javascript\" charset=\"UTF-8\"><\/script><br \/>\n<script src=\"chrome:\/\/hdv\/content\/hdv.js\" type=\"application\/javascript\" charset=\"UTF-8\"><\/script><\/p>\n","protected":false},"excerpt":{"rendered":"<p>Viimasel aastak\u00fcmnel on\u00a0 suure populaarsuse v\u00f5itnud aknad, mis toodetakse PVC profiilist. Antud materjali plussideks on selle pikaealisus, v\u00e4hen\u00f5udlikus hoolduses ja v\u00f5rdlemisi odav hind. PVC-profiil on t\u00f5eliselt vastupidav ja vastab k\u00f5rgetele standarditele. Stabiilsetes kinnitustes kasutatakse ohutut ja efektiivset titaani ja tsinki, mitte kahjulikku kaadmiumi. Raam, mis on valmistatud plastikust koos valede kinnitustega on tervisele kahjulik, v\u00f5ib [&hellip;]<\/p>\n","protected":false},"author":1,"featured_media":0,"parent":1028,"menu_order":0,"comment_status":"closed","ping_status":"open","template":"","meta":{"_acf_changed":false,"footnotes":""},"class_list":["post-1031","page","type-page","status-publish","hentry"],"acf":[],"yoast_head":"<!-- This site is optimized with the Yoast SEO plugin v27.1.1 - https:\/\/yoast.com\/product\/yoast-seo-wordpress\/ -->\n<title>PVC windows and doors - Fenster<\/title>\n<meta name=\"description\" content=\"PVC windows and doors\" \/>\n<meta name=\"robots\" content=\"index, follow, max-snippet:-1, max-image-preview:large, max-video-preview:-1\" \/>\n<link rel=\"canonical\" href=\"https:\/\/www.fenster.ee\/en\/products\/pvc-aknad\/\" \/>\n<meta property=\"og:locale\" content=\"en_US\" \/>\n<meta property=\"og:type\" content=\"article\" \/>\n<meta property=\"og:title\" content=\"PVC windows and doors - Fenster\" \/>\n<meta property=\"og:description\" content=\"PVC windows and doors\" \/>\n<meta property=\"og:url\" content=\"https:\/\/www.fenster.ee\/en\/products\/pvc-aknad\/\" \/>\n<meta property=\"og:site_name\" content=\"Fenster\" \/>\n<meta property=\"article:publisher\" content=\"https:\/\/www.facebook.com\/FensterAknad\/\" \/>\n<meta property=\"article:modified_time\" content=\"2018-02-09T08:58:55+00:00\" \/>\n<meta property=\"og:image\" content=\"http:\/\/projects.efley.ee\/fenster\/wp\/wp-content\/uploads\/2014\/04\/1-1024x523.jpg\" \/>\n<meta name=\"twitter:label1\" content=\"Est. reading time\" \/>\n\t<meta name=\"twitter:data1\" content=\"1 minute\" \/>\n<script type=\"application\/ld+json\" class=\"yoast-schema-graph\">{\"@context\":\"https:\/\/schema.org\",\"@graph\":[{\"@type\":\"WebPage\",\"@id\":\"https:\/\/www.fenster.ee\/en\/products\/pvc-aknad\/\",\"url\":\"https:\/\/www.fenster.ee\/en\/products\/pvc-aknad\/\",\"name\":\"PVC windows and doors - Fenster\",\"isPartOf\":{\"@id\":\"https:\/\/www.fenster.ee\/#website\"},\"primaryImageOfPage\":{\"@id\":\"https:\/\/www.fenster.ee\/en\/products\/pvc-aknad\/#primaryimage\"},\"image\":{\"@id\":\"https:\/\/www.fenster.ee\/en\/products\/pvc-aknad\/#primaryimage\"},\"thumbnailUrl\":\"http:\/\/projects.efley.ee\/fenster\/wp\/wp-content\/uploads\/2014\/04\/1-1024x523.jpg\",\"datePublished\":\"2014-04-06T19:00:58+00:00\",\"dateModified\":\"2018-02-09T08:58:55+00:00\",\"description\":\"PVC windows and doors\",\"breadcrumb\":{\"@id\":\"https:\/\/www.fenster.ee\/en\/products\/pvc-aknad\/#breadcrumb\"},\"inLanguage\":\"en-US\",\"potentialAction\":[{\"@type\":\"ReadAction\",\"target\":[\"https:\/\/www.fenster.ee\/en\/products\/pvc-aknad\/\"]}]},{\"@type\":\"ImageObject\",\"inLanguage\":\"en-US\",\"@id\":\"https:\/\/www.fenster.ee\/en\/products\/pvc-aknad\/#primaryimage\",\"url\":\"http:\/\/projects.efley.ee\/fenster\/wp\/wp-content\/uploads\/2014\/04\/1-1024x523.jpg\",\"contentUrl\":\"http:\/\/projects.efley.ee\/fenster\/wp\/wp-content\/uploads\/2014\/04\/1-1024x523.jpg\"},{\"@type\":\"BreadcrumbList\",\"@id\":\"https:\/\/www.fenster.ee\/en\/products\/pvc-aknad\/#breadcrumb\",\"itemListElement\":[{\"@type\":\"ListItem\",\"position\":1,\"name\":\"Algus\",\"item\":\"https:\/\/www.fenster.ee\/\"},{\"@type\":\"ListItem\",\"position\":2,\"name\":\"Products\",\"item\":\"https:\/\/www.fenster.ee\/en\/products\/\"},{\"@type\":\"ListItem\",\"position\":3,\"name\":\"PVC windows and doors\"}]},{\"@type\":\"WebSite\",\"@id\":\"https:\/\/www.fenster.ee\/#website\",\"url\":\"https:\/\/www.fenster.ee\/\",\"name\":\"Fenster\",\"description\":\"Tunnustatud aknaekspert - aknad igale ilmale\",\"publisher\":{\"@id\":\"https:\/\/www.fenster.ee\/#organization\"},\"potentialAction\":[{\"@type\":\"SearchAction\",\"target\":{\"@type\":\"EntryPoint\",\"urlTemplate\":\"https:\/\/www.fenster.ee\/?s={search_term_string}\"},\"query-input\":{\"@type\":\"PropertyValueSpecification\",\"valueRequired\":true,\"valueName\":\"search_term_string\"}}],\"inLanguage\":\"en-US\"},{\"@type\":\"Organization\",\"@id\":\"https:\/\/www.fenster.ee\/#organization\",\"name\":\"Fenster\",\"url\":\"https:\/\/www.fenster.ee\/\",\"logo\":{\"@type\":\"ImageObject\",\"inLanguage\":\"en-US\",\"@id\":\"https:\/\/www.fenster.ee\/#\/schema\/logo\/image\/\",\"url\":\"https:\/\/www.fenster.ee\/wp-content\/uploads\/2017\/07\/fenster-logo-1.png\",\"contentUrl\":\"https:\/\/www.fenster.ee\/wp-content\/uploads\/2017\/07\/fenster-logo-1.png\",\"width\":600,\"height\":116,\"caption\":\"Fenster\"},\"image\":{\"@id\":\"https:\/\/www.fenster.ee\/#\/schema\/logo\/image\/\"},\"sameAs\":[\"https:\/\/www.facebook.com\/FensterAknad\/\"]}]}<\/script>\n<!-- \/ Yoast SEO plugin. -->","yoast_head_json":{"title":"PVC windows and doors - Fenster","description":"PVC windows and doors","robots":{"index":"index","follow":"follow","max-snippet":"max-snippet:-1","max-image-preview":"max-image-preview:large","max-video-preview":"max-video-preview:-1"},"canonical":"https:\/\/www.fenster.ee\/en\/products\/pvc-aknad\/","og_locale":"en_US","og_type":"article","og_title":"PVC windows and doors - Fenster","og_description":"PVC windows and doors","og_url":"https:\/\/www.fenster.ee\/en\/products\/pvc-aknad\/","og_site_name":"Fenster","article_publisher":"https:\/\/www.facebook.com\/FensterAknad\/","article_modified_time":"2018-02-09T08:58:55+00:00","og_image":[{"url":"http:\/\/projects.efley.ee\/fenster\/wp\/wp-content\/uploads\/2014\/04\/1-1024x523.jpg","type":"","width":"","height":""}],"twitter_misc":{"Est. reading time":"1 minute"},"schema":{"@context":"https:\/\/schema.org","@graph":[{"@type":"WebPage","@id":"https:\/\/www.fenster.ee\/en\/products\/pvc-aknad\/","url":"https:\/\/www.fenster.ee\/en\/products\/pvc-aknad\/","name":"PVC windows and doors - Fenster","isPartOf":{"@id":"https:\/\/www.fenster.ee\/#website"},"primaryImageOfPage":{"@id":"https:\/\/www.fenster.ee\/en\/products\/pvc-aknad\/#primaryimage"},"image":{"@id":"https:\/\/www.fenster.ee\/en\/products\/pvc-aknad\/#primaryimage"},"thumbnailUrl":"http:\/\/projects.efley.ee\/fenster\/wp\/wp-content\/uploads\/2014\/04\/1-1024x523.jpg","datePublished":"2014-04-06T19:00:58+00:00","dateModified":"2018-02-09T08:58:55+00:00","description":"PVC windows and doors","breadcrumb":{"@id":"https:\/\/www.fenster.ee\/en\/products\/pvc-aknad\/#breadcrumb"},"inLanguage":"en-US","potentialAction":[{"@type":"ReadAction","target":["https:\/\/www.fenster.ee\/en\/products\/pvc-aknad\/"]}]},{"@type":"ImageObject","inLanguage":"en-US","@id":"https:\/\/www.fenster.ee\/en\/products\/pvc-aknad\/#primaryimage","url":"http:\/\/projects.efley.ee\/fenster\/wp\/wp-content\/uploads\/2014\/04\/1-1024x523.jpg","contentUrl":"http:\/\/projects.efley.ee\/fenster\/wp\/wp-content\/uploads\/2014\/04\/1-1024x523.jpg"},{"@type":"BreadcrumbList","@id":"https:\/\/www.fenster.ee\/en\/products\/pvc-aknad\/#breadcrumb","itemListElement":[{"@type":"ListItem","position":1,"name":"Algus","item":"https:\/\/www.fenster.ee\/"},{"@type":"ListItem","position":2,"name":"Products","item":"https:\/\/www.fenster.ee\/en\/products\/"},{"@type":"ListItem","position":3,"name":"PVC windows and doors"}]},{"@type":"WebSite","@id":"https:\/\/www.fenster.ee\/#website","url":"https:\/\/www.fenster.ee\/","name":"Fenster","description":"Tunnustatud aknaekspert - aknad igale ilmale","publisher":{"@id":"https:\/\/www.fenster.ee\/#organization"},"potentialAction":[{"@type":"SearchAction","target":{"@type":"EntryPoint","urlTemplate":"https:\/\/www.fenster.ee\/?s={search_term_string}"},"query-input":{"@type":"PropertyValueSpecification","valueRequired":true,"valueName":"search_term_string"}}],"inLanguage":"en-US"},{"@type":"Organization","@id":"https:\/\/www.fenster.ee\/#organization","name":"Fenster","url":"https:\/\/www.fenster.ee\/","logo":{"@type":"ImageObject","inLanguage":"en-US","@id":"https:\/\/www.fenster.ee\/#\/schema\/logo\/image\/","url":"https:\/\/www.fenster.ee\/wp-content\/uploads\/2017\/07\/fenster-logo-1.png","contentUrl":"https:\/\/www.fenster.ee\/wp-content\/uploads\/2017\/07\/fenster-logo-1.png","width":600,"height":116,"caption":"Fenster"},"image":{"@id":"https:\/\/www.fenster.ee\/#\/schema\/logo\/image\/"},"sameAs":["https:\/\/www.facebook.com\/FensterAknad\/"]}]}},"_links":{"self":[{"href":"https:\/\/www.fenster.ee\/en\/wp-json\/wp\/v2\/pages\/1031","targetHints":{"allow":["GET"]}}],"collection":[{"href":"https:\/\/www.fenster.ee\/en\/wp-json\/wp\/v2\/pages"}],"about":[{"href":"https:\/\/www.fenster.ee\/en\/wp-json\/wp\/v2\/types\/page"}],"author":[{"embeddable":true,"href":"https:\/\/www.fenster.ee\/en\/wp-json\/wp\/v2\/users\/1"}],"replies":[{"embeddable":true,"href":"https:\/\/www.fenster.ee\/en\/wp-json\/wp\/v2\/comments?post=1031"}],"version-history":[{"count":3,"href":"https:\/\/www.fenster.ee\/en\/wp-json\/wp\/v2\/pages\/1031\/revisions"}],"predecessor-version":[{"id":1124,"href":"https:\/\/www.fenster.ee\/en\/wp-json\/wp\/v2\/pages\/1031\/revisions\/1124"}],"up":[{"embeddable":true,"href":"https:\/\/www.fenster.ee\/en\/wp-json\/wp\/v2\/pages\/1028"}],"wp:attachment":[{"href":"https:\/\/www.fenster.ee\/en\/wp-json\/wp\/v2\/media?parent=1031"}],"curies":[{"name":"wp","href":"https:\/\/api.w.org\/{rel}","templated":true}]}}