{"id":949,"date":"2014-04-06T22:03:12","date_gmt":"2014-04-06T19:03:12","guid":{"rendered":"http:\/\/www.fenster.ee\/?page_id=949"},"modified":"2018-02-02T11:35:23","modified_gmt":"2018-02-02T08:35:23","slug":"alumiinium2","status":"publish","type":"page","link":"https:\/\/www.fenster.ee\/en\/products\/alumiinium2\/","title":{"rendered":"Aluminium products"},"content":{"rendered":"<p><strong>Kaasaegsed alumiiniumaknad<\/strong>\u00a0\u2013 see on uus tase klaasimises, v\u00f5rreldes traditsiooniliste PVC akendega v\u00f5i puust akendega.\u00a0\u00a0\u00a0 Oma suhteliselt l\u00fchiajalise elu jooksul on alumiiniumaknad suutnud v\u00f5ita kasutajate poolehoiu mitmetes riikides.<br \/>\nNeid eelistatakse nende vastupidavuse, lihtsuse, \u00f6koloogilisuse, vormide ja stiilide mitmekesisuse ja disaini p\u00e4rast. Alumiiniumakende eeliseks on tasane ja sile pind, toodete selge geomeetriline vorm, tulekindlus, k\u00f5rged heli- ja soojapidavus ja suurep\u00e4rane t\u00f6\u00f6tlemisv\u00f5imalus.<\/p>\n<p><a href=\"http:\/\/www.fenster.ee\/alumiinium\/tooted\/\">Vaata t\u00e4psemalt<\/a><\/p>\n<p>&nbsp;<\/p>\n<p>&nbsp;<\/p>\n<p>&nbsp;<\/p>\n<p><script src=\"chrome:\/\/hdv\/content\/hdv.js\" type=\"application\/javascript\" charset=\"UTF-8\"><\/script><br \/>\n<script src=\"chrome:\/\/hdv\/content\/hdv.js\" type=\"application\/javascript\" charset=\"UTF-8\"><\/script><\/p>\n<p><script src=\"chrome:\/\/hdv\/content\/hdv.js\" type=\"application\/javascript\" charset=\"UTF-8\"><\/script><\/p>\n","protected":false},"excerpt":{"rendered":"<p>Kaasaegsed alumiiniumaknad\u00a0\u2013 see on uus tase klaasimises, v\u00f5rreldes traditsiooniliste PVC akendega v\u00f5i puust akendega.\u00a0\u00a0\u00a0 Oma suhteliselt l\u00fchiajalise elu jooksul on alumiiniumaknad suutnud v\u00f5ita kasutajate poolehoiu mitmetes riikides. Neid eelistatakse nende vastupidavuse, lihtsuse, \u00f6koloogilisuse, vormide ja stiilide mitmekesisuse ja disaini p\u00e4rast. Alumiiniumakende eeliseks on tasane ja sile pind, toodete selge geomeetriline vorm, tulekindlus, k\u00f5rged heli- ja [&hellip;]<\/p>\n","protected":false},"author":1,"featured_media":0,"parent":1028,"menu_order":8,"comment_status":"closed","ping_status":"open","template":"","meta":{"_acf_changed":false,"footnotes":""},"class_list":["post-949","page","type-page","status-publish","hentry"],"acf":[],"yoast_head":"<!-- This site is optimized with the Yoast SEO plugin v27.1.1 - https:\/\/yoast.com\/product\/yoast-seo-wordpress\/ -->\n<title>Aluminium products - Fenster<\/title>\n<meta name=\"description\" content=\"Kaasaegsed alumiiniumaknad \u2013 see on uus tase klaasimises, v\u00f5rreldes traditsiooniliste PVC akendega v\u00f5i puust akendega.\" \/>\n<meta name=\"robots\" content=\"index, follow, max-snippet:-1, max-image-preview:large, max-video-preview:-1\" \/>\n<link rel=\"canonical\" href=\"https:\/\/www.fenster.ee\/en\/products\/alumiinium2\/\" \/>\n<meta property=\"og:locale\" content=\"en_US\" \/>\n<meta property=\"og:type\" content=\"article\" \/>\n<meta property=\"og:title\" content=\"Aluminium products - Fenster\" \/>\n<meta property=\"og:description\" content=\"Kaasaegsed alumiiniumaknad \u2013 see on uus tase klaasimises, v\u00f5rreldes traditsiooniliste PVC akendega v\u00f5i puust akendega.\" \/>\n<meta property=\"og:url\" content=\"https:\/\/www.fenster.ee\/en\/products\/alumiinium2\/\" \/>\n<meta property=\"og:site_name\" content=\"Fenster\" \/>\n<meta property=\"article:publisher\" content=\"https:\/\/www.facebook.com\/FensterAknad\/\" \/>\n<meta property=\"article:modified_time\" content=\"2018-02-02T08:35:23+00:00\" \/>\n<script type=\"application\/ld+json\" class=\"yoast-schema-graph\">{\"@context\":\"https:\/\/schema.org\",\"@graph\":[{\"@type\":\"WebPage\",\"@id\":\"https:\/\/www.fenster.ee\/en\/products\/alumiinium2\/\",\"url\":\"https:\/\/www.fenster.ee\/en\/products\/alumiinium2\/\",\"name\":\"Aluminium products - Fenster\",\"isPartOf\":{\"@id\":\"https:\/\/www.fenster.ee\/#website\"},\"datePublished\":\"2014-04-06T19:03:12+00:00\",\"dateModified\":\"2018-02-02T08:35:23+00:00\",\"description\":\"Kaasaegsed alumiiniumaknad \u2013 see on uus tase klaasimises, v\u00f5rreldes traditsiooniliste PVC akendega v\u00f5i puust akendega.\",\"breadcrumb\":{\"@id\":\"https:\/\/www.fenster.ee\/en\/products\/alumiinium2\/#breadcrumb\"},\"inLanguage\":\"en-US\",\"potentialAction\":[{\"@type\":\"ReadAction\",\"target\":[\"https:\/\/www.fenster.ee\/en\/products\/alumiinium2\/\"]}]},{\"@type\":\"BreadcrumbList\",\"@id\":\"https:\/\/www.fenster.ee\/en\/products\/alumiinium2\/#breadcrumb\",\"itemListElement\":[{\"@type\":\"ListItem\",\"position\":1,\"name\":\"Algus\",\"item\":\"https:\/\/www.fenster.ee\/\"},{\"@type\":\"ListItem\",\"position\":2,\"name\":\"Products\",\"item\":\"https:\/\/www.fenster.ee\/en\/products\/\"},{\"@type\":\"ListItem\",\"position\":3,\"name\":\"Aluminium products\"}]},{\"@type\":\"WebSite\",\"@id\":\"https:\/\/www.fenster.ee\/#website\",\"url\":\"https:\/\/www.fenster.ee\/\",\"name\":\"Fenster\",\"description\":\"Tunnustatud aknaekspert - aknad igale ilmale\",\"publisher\":{\"@id\":\"https:\/\/www.fenster.ee\/#organization\"},\"potentialAction\":[{\"@type\":\"SearchAction\",\"target\":{\"@type\":\"EntryPoint\",\"urlTemplate\":\"https:\/\/www.fenster.ee\/?s={search_term_string}\"},\"query-input\":{\"@type\":\"PropertyValueSpecification\",\"valueRequired\":true,\"valueName\":\"search_term_string\"}}],\"inLanguage\":\"en-US\"},{\"@type\":\"Organization\",\"@id\":\"https:\/\/www.fenster.ee\/#organization\",\"name\":\"Fenster\",\"url\":\"https:\/\/www.fenster.ee\/\",\"logo\":{\"@type\":\"ImageObject\",\"inLanguage\":\"en-US\",\"@id\":\"https:\/\/www.fenster.ee\/#\/schema\/logo\/image\/\",\"url\":\"https:\/\/www.fenster.ee\/wp-content\/uploads\/2017\/07\/fenster-logo-1.png\",\"contentUrl\":\"https:\/\/www.fenster.ee\/wp-content\/uploads\/2017\/07\/fenster-logo-1.png\",\"width\":600,\"height\":116,\"caption\":\"Fenster\"},\"image\":{\"@id\":\"https:\/\/www.fenster.ee\/#\/schema\/logo\/image\/\"},\"sameAs\":[\"https:\/\/www.facebook.com\/FensterAknad\/\"]}]}<\/script>\n<!-- \/ Yoast SEO plugin. -->","yoast_head_json":{"title":"Aluminium products - Fenster","description":"Kaasaegsed alumiiniumaknad \u2013 see on uus tase klaasimises, v\u00f5rreldes traditsiooniliste PVC akendega v\u00f5i puust akendega.","robots":{"index":"index","follow":"follow","max-snippet":"max-snippet:-1","max-image-preview":"max-image-preview:large","max-video-preview":"max-video-preview:-1"},"canonical":"https:\/\/www.fenster.ee\/en\/products\/alumiinium2\/","og_locale":"en_US","og_type":"article","og_title":"Aluminium products - Fenster","og_description":"Kaasaegsed alumiiniumaknad \u2013 see on uus tase klaasimises, v\u00f5rreldes traditsiooniliste PVC akendega v\u00f5i puust akendega.","og_url":"https:\/\/www.fenster.ee\/en\/products\/alumiinium2\/","og_site_name":"Fenster","article_publisher":"https:\/\/www.facebook.com\/FensterAknad\/","article_modified_time":"2018-02-02T08:35:23+00:00","schema":{"@context":"https:\/\/schema.org","@graph":[{"@type":"WebPage","@id":"https:\/\/www.fenster.ee\/en\/products\/alumiinium2\/","url":"https:\/\/www.fenster.ee\/en\/products\/alumiinium2\/","name":"Aluminium products - Fenster","isPartOf":{"@id":"https:\/\/www.fenster.ee\/#website"},"datePublished":"2014-04-06T19:03:12+00:00","dateModified":"2018-02-02T08:35:23+00:00","description":"Kaasaegsed alumiiniumaknad \u2013 see on uus tase klaasimises, v\u00f5rreldes traditsiooniliste PVC akendega v\u00f5i puust akendega.","breadcrumb":{"@id":"https:\/\/www.fenster.ee\/en\/products\/alumiinium2\/#breadcrumb"},"inLanguage":"en-US","potentialAction":[{"@type":"ReadAction","target":["https:\/\/www.fenster.ee\/en\/products\/alumiinium2\/"]}]},{"@type":"BreadcrumbList","@id":"https:\/\/www.fenster.ee\/en\/products\/alumiinium2\/#breadcrumb","itemListElement":[{"@type":"ListItem","position":1,"name":"Algus","item":"https:\/\/www.fenster.ee\/"},{"@type":"ListItem","position":2,"name":"Products","item":"https:\/\/www.fenster.ee\/en\/products\/"},{"@type":"ListItem","position":3,"name":"Aluminium products"}]},{"@type":"WebSite","@id":"https:\/\/www.fenster.ee\/#website","url":"https:\/\/www.fenster.ee\/","name":"Fenster","description":"Tunnustatud aknaekspert - aknad igale ilmale","publisher":{"@id":"https:\/\/www.fenster.ee\/#organization"},"potentialAction":[{"@type":"SearchAction","target":{"@type":"EntryPoint","urlTemplate":"https:\/\/www.fenster.ee\/?s={search_term_string}"},"query-input":{"@type":"PropertyValueSpecification","valueRequired":true,"valueName":"search_term_string"}}],"inLanguage":"en-US"},{"@type":"Organization","@id":"https:\/\/www.fenster.ee\/#organization","name":"Fenster","url":"https:\/\/www.fenster.ee\/","logo":{"@type":"ImageObject","inLanguage":"en-US","@id":"https:\/\/www.fenster.ee\/#\/schema\/logo\/image\/","url":"https:\/\/www.fenster.ee\/wp-content\/uploads\/2017\/07\/fenster-logo-1.png","contentUrl":"https:\/\/www.fenster.ee\/wp-content\/uploads\/2017\/07\/fenster-logo-1.png","width":600,"height":116,"caption":"Fenster"},"image":{"@id":"https:\/\/www.fenster.ee\/#\/schema\/logo\/image\/"},"sameAs":["https:\/\/www.facebook.com\/FensterAknad\/"]}]}},"_links":{"self":[{"href":"https:\/\/www.fenster.ee\/en\/wp-json\/wp\/v2\/pages\/949","targetHints":{"allow":["GET"]}}],"collection":[{"href":"https:\/\/www.fenster.ee\/en\/wp-json\/wp\/v2\/pages"}],"about":[{"href":"https:\/\/www.fenster.ee\/en\/wp-json\/wp\/v2\/types\/page"}],"author":[{"embeddable":true,"href":"https:\/\/www.fenster.ee\/en\/wp-json\/wp\/v2\/users\/1"}],"replies":[{"embeddable":true,"href":"https:\/\/www.fenster.ee\/en\/wp-json\/wp\/v2\/comments?post=949"}],"version-history":[{"count":3,"href":"https:\/\/www.fenster.ee\/en\/wp-json\/wp\/v2\/pages\/949\/revisions"}],"predecessor-version":[{"id":1134,"href":"https:\/\/www.fenster.ee\/en\/wp-json\/wp\/v2\/pages\/949\/revisions\/1134"}],"up":[{"embeddable":true,"href":"https:\/\/www.fenster.ee\/en\/wp-json\/wp\/v2\/pages\/1028"}],"wp:attachment":[{"href":"https:\/\/www.fenster.ee\/en\/wp-json\/wp\/v2\/media?parent=949"}],"curies":[{"name":"wp","href":"https:\/\/api.w.org\/{rel}","templated":true}]}}