{"id":996,"date":"2014-04-03T01:46:57","date_gmt":"2014-04-02T22:46:57","guid":{"rendered":"http:\/\/www.fenster.ee\/?page_id=996"},"modified":"2018-02-02T11:38:58","modified_gmt":"2018-02-02T08:38:58","slug":"missioon-visioon","status":"publish","type":"page","link":"https:\/\/www.fenster.ee\/en\/firmast\/missioon-visioon\/","title":{"rendered":"Mission and vision"},"content":{"rendered":"<p style=\"text-align: justify;\">Meie missioon seisneb elukeskkonna loomisele kaasaitamises, mis v\u00f5imaldaks meie klientidel teha produktiivset t\u00f6\u00f6d ja t\u00e4isv\u00e4\u00e4rtuslikult puhata. Kindlustades meie kliente ja partnereid maksimaalselt k\u00f5rgekvaliteetsete akende, uste ja klaasfassaadidega, loome me mugavust, hubasust ja sisetingimustesse vajaliku mikrokliima.<\/p>\n<p style=\"text-align: justify;\">T\u00e4htsaimaks prioriteediks on meie jaoks meie klientide tervis ja hea enesetunne. Sellep\u00e4rast j\u00e4rgime k\u00f5ige rangemaid \u00f6kotootmisnorme ja kasutame selleks AINULT turvalist ja k\u00f5rgekvaliteetset komplekteerimist. Olles tootmisettev\u00f5tte, vastutame nende riikide \u00f6kos\u00fcsteemide eest, kus asuvad meie tehased.<\/p>\n<p style=\"text-align: justify;\">Fenster\u00b4i aknad, uksed ja fassaadikonstruktsioonid on iseenesest looduss\u00e4\u00e4stlikud elemendid juba sellep\u00e4rast, et nad:<br \/>\n\u2022 s\u00e4\u00e4stavad Teie majade, korterite ja kontorite soojust<br \/>\n\u2022 kindlustavad vajaliku \u00f5hutsirkulatsiooni ja ruumi mikrokliima<br \/>\n\u2022 kestavad t\u00f5eliselt kaua, mis v\u00e4hendab Teie kulusid ja on sellega keskkonnas\u00e4\u00e4stlik<\/p>\n<p style=\"text-align: justify;\">Samuti, arvame, et mida edukam on ettev\u00f5tte, seda suurem peab olema tema sotsiaalne roll. Sellep\u00e4rast toetame me pidevalt harrastus-, professionaal- ja lastesporti. Tervislik eluviis on lahutamatu osa harmooniliselt- positiivselt orienteeritud kaasaegse isiku arengust.<\/p>\n<p style=\"text-align: justify;\">Meie ettev\u00f5tte k\u00f5ige t\u00e4htsaimaks v\u00e4\u00e4rtuseks on meie t\u00f6\u00f6tajad. Ettev\u00f5te igati toetab t\u00f6\u00f6tajate soovi areneda ja kasvada, kuna usume, et ainult nn koduses \u00f5hkkonnas, kus valitseb vastastikune abi, on v\u00f5imalik sihikindlalt liikuda plaanitud eesm\u00e4rgini.<\/p>\n<p><script src=\"chrome:\/\/hdv\/content\/hdv.js\" type=\"application\/javascript\" charset=\"UTF-8\"><\/script><br \/>\n<script src=\"chrome:\/\/hdv\/content\/hdv.js\" type=\"application\/javascript\" charset=\"UTF-8\"><\/script><\/p>\n","protected":false},"excerpt":{"rendered":"<p>Meie missioon seisneb elukeskkonna loomisele kaasaitamises, mis v\u00f5imaldaks meie klientidel teha produktiivset t\u00f6\u00f6d ja t\u00e4isv\u00e4\u00e4rtuslikult puhata. Kindlustades meie kliente ja partnereid maksimaalselt k\u00f5rgekvaliteetsete akende, uste ja klaasfassaadidega, loome me mugavust, hubasust ja sisetingimustesse vajaliku mikrokliima. T\u00e4htsaimaks prioriteediks on meie jaoks meie klientide tervis ja hea enesetunne. Sellep\u00e4rast j\u00e4rgime k\u00f5ige rangemaid \u00f6kotootmisnorme ja kasutame selleks AINULT [&hellip;]<\/p>\n","protected":false},"author":1,"featured_media":0,"parent":718,"menu_order":5,"comment_status":"closed","ping_status":"closed","template":"","meta":{"_acf_changed":false,"footnotes":""},"class_list":["post-996","page","type-page","status-publish","hentry"],"acf":[],"yoast_head":"<!-- This site is optimized with the Yoast SEO plugin v27.1.1 - https:\/\/yoast.com\/product\/yoast-seo-wordpress\/ -->\n<title>Mission and vision - Fenster<\/title>\n<meta name=\"description\" content=\"Meie missioon seisneb elukeskkonna loomisele kaasaitamises, mis v\u00f5imaldaks meie klientidel teha produktiivset t\u00f6\u00f6d ja t\u00e4isv\u00e4\u00e4rtuslikult puhata.\" \/>\n<meta name=\"robots\" content=\"index, follow, max-snippet:-1, max-image-preview:large, max-video-preview:-1\" \/>\n<link rel=\"canonical\" href=\"https:\/\/www.fenster.ee\/en\/firmast\/missioon-visioon\/\" \/>\n<meta property=\"og:locale\" content=\"en_US\" \/>\n<meta property=\"og:type\" content=\"article\" \/>\n<meta property=\"og:title\" content=\"Mission and vision - Fenster\" \/>\n<meta property=\"og:description\" content=\"Meie missioon seisneb elukeskkonna loomisele kaasaitamises, mis v\u00f5imaldaks meie klientidel teha produktiivset t\u00f6\u00f6d ja t\u00e4isv\u00e4\u00e4rtuslikult puhata.\" \/>\n<meta property=\"og:url\" content=\"https:\/\/www.fenster.ee\/en\/firmast\/missioon-visioon\/\" \/>\n<meta property=\"og:site_name\" content=\"Fenster\" \/>\n<meta property=\"article:publisher\" content=\"https:\/\/www.facebook.com\/FensterAknad\/\" \/>\n<meta property=\"article:modified_time\" content=\"2018-02-02T08:38:58+00:00\" \/>\n<meta name=\"twitter:label1\" content=\"Est. reading time\" \/>\n\t<meta name=\"twitter:data1\" content=\"1 minute\" \/>\n<script type=\"application\/ld+json\" class=\"yoast-schema-graph\">{\"@context\":\"https:\/\/schema.org\",\"@graph\":[{\"@type\":\"WebPage\",\"@id\":\"https:\/\/www.fenster.ee\/en\/firmast\/missioon-visioon\/\",\"url\":\"https:\/\/www.fenster.ee\/en\/firmast\/missioon-visioon\/\",\"name\":\"Mission and vision - Fenster\",\"isPartOf\":{\"@id\":\"https:\/\/www.fenster.ee\/#website\"},\"datePublished\":\"2014-04-02T22:46:57+00:00\",\"dateModified\":\"2018-02-02T08:38:58+00:00\",\"description\":\"Meie missioon seisneb elukeskkonna loomisele kaasaitamises, mis v\u00f5imaldaks meie klientidel teha produktiivset t\u00f6\u00f6d ja t\u00e4isv\u00e4\u00e4rtuslikult puhata.\",\"breadcrumb\":{\"@id\":\"https:\/\/www.fenster.ee\/en\/firmast\/missioon-visioon\/#breadcrumb\"},\"inLanguage\":\"en-US\",\"potentialAction\":[{\"@type\":\"ReadAction\",\"target\":[\"https:\/\/www.fenster.ee\/en\/firmast\/missioon-visioon\/\"]}]},{\"@type\":\"BreadcrumbList\",\"@id\":\"https:\/\/www.fenster.ee\/en\/firmast\/missioon-visioon\/#breadcrumb\",\"itemListElement\":[{\"@type\":\"ListItem\",\"position\":1,\"name\":\"Algus\",\"item\":\"https:\/\/www.fenster.ee\/\"},{\"@type\":\"ListItem\",\"position\":2,\"name\":\"Company\",\"item\":\"https:\/\/www.fenster.ee\/en\/firmast\/\"},{\"@type\":\"ListItem\",\"position\":3,\"name\":\"Mission and vision\"}]},{\"@type\":\"WebSite\",\"@id\":\"https:\/\/www.fenster.ee\/#website\",\"url\":\"https:\/\/www.fenster.ee\/\",\"name\":\"Fenster\",\"description\":\"Tunnustatud aknaekspert - aknad igale ilmale\",\"publisher\":{\"@id\":\"https:\/\/www.fenster.ee\/#organization\"},\"potentialAction\":[{\"@type\":\"SearchAction\",\"target\":{\"@type\":\"EntryPoint\",\"urlTemplate\":\"https:\/\/www.fenster.ee\/?s={search_term_string}\"},\"query-input\":{\"@type\":\"PropertyValueSpecification\",\"valueRequired\":true,\"valueName\":\"search_term_string\"}}],\"inLanguage\":\"en-US\"},{\"@type\":\"Organization\",\"@id\":\"https:\/\/www.fenster.ee\/#organization\",\"name\":\"Fenster\",\"url\":\"https:\/\/www.fenster.ee\/\",\"logo\":{\"@type\":\"ImageObject\",\"inLanguage\":\"en-US\",\"@id\":\"https:\/\/www.fenster.ee\/#\/schema\/logo\/image\/\",\"url\":\"https:\/\/www.fenster.ee\/wp-content\/uploads\/2017\/07\/fenster-logo-1.png\",\"contentUrl\":\"https:\/\/www.fenster.ee\/wp-content\/uploads\/2017\/07\/fenster-logo-1.png\",\"width\":600,\"height\":116,\"caption\":\"Fenster\"},\"image\":{\"@id\":\"https:\/\/www.fenster.ee\/#\/schema\/logo\/image\/\"},\"sameAs\":[\"https:\/\/www.facebook.com\/FensterAknad\/\"]}]}<\/script>\n<!-- \/ Yoast SEO plugin. -->","yoast_head_json":{"title":"Mission and vision - Fenster","description":"Meie missioon seisneb elukeskkonna loomisele kaasaitamises, mis v\u00f5imaldaks meie klientidel teha produktiivset t\u00f6\u00f6d ja t\u00e4isv\u00e4\u00e4rtuslikult puhata.","robots":{"index":"index","follow":"follow","max-snippet":"max-snippet:-1","max-image-preview":"max-image-preview:large","max-video-preview":"max-video-preview:-1"},"canonical":"https:\/\/www.fenster.ee\/en\/firmast\/missioon-visioon\/","og_locale":"en_US","og_type":"article","og_title":"Mission and vision - Fenster","og_description":"Meie missioon seisneb elukeskkonna loomisele kaasaitamises, mis v\u00f5imaldaks meie klientidel teha produktiivset t\u00f6\u00f6d ja t\u00e4isv\u00e4\u00e4rtuslikult puhata.","og_url":"https:\/\/www.fenster.ee\/en\/firmast\/missioon-visioon\/","og_site_name":"Fenster","article_publisher":"https:\/\/www.facebook.com\/FensterAknad\/","article_modified_time":"2018-02-02T08:38:58+00:00","twitter_misc":{"Est. reading time":"1 minute"},"schema":{"@context":"https:\/\/schema.org","@graph":[{"@type":"WebPage","@id":"https:\/\/www.fenster.ee\/en\/firmast\/missioon-visioon\/","url":"https:\/\/www.fenster.ee\/en\/firmast\/missioon-visioon\/","name":"Mission and vision - Fenster","isPartOf":{"@id":"https:\/\/www.fenster.ee\/#website"},"datePublished":"2014-04-02T22:46:57+00:00","dateModified":"2018-02-02T08:38:58+00:00","description":"Meie missioon seisneb elukeskkonna loomisele kaasaitamises, mis v\u00f5imaldaks meie klientidel teha produktiivset t\u00f6\u00f6d ja t\u00e4isv\u00e4\u00e4rtuslikult puhata.","breadcrumb":{"@id":"https:\/\/www.fenster.ee\/en\/firmast\/missioon-visioon\/#breadcrumb"},"inLanguage":"en-US","potentialAction":[{"@type":"ReadAction","target":["https:\/\/www.fenster.ee\/en\/firmast\/missioon-visioon\/"]}]},{"@type":"BreadcrumbList","@id":"https:\/\/www.fenster.ee\/en\/firmast\/missioon-visioon\/#breadcrumb","itemListElement":[{"@type":"ListItem","position":1,"name":"Algus","item":"https:\/\/www.fenster.ee\/"},{"@type":"ListItem","position":2,"name":"Company","item":"https:\/\/www.fenster.ee\/en\/firmast\/"},{"@type":"ListItem","position":3,"name":"Mission and vision"}]},{"@type":"WebSite","@id":"https:\/\/www.fenster.ee\/#website","url":"https:\/\/www.fenster.ee\/","name":"Fenster","description":"Tunnustatud aknaekspert - aknad igale ilmale","publisher":{"@id":"https:\/\/www.fenster.ee\/#organization"},"potentialAction":[{"@type":"SearchAction","target":{"@type":"EntryPoint","urlTemplate":"https:\/\/www.fenster.ee\/?s={search_term_string}"},"query-input":{"@type":"PropertyValueSpecification","valueRequired":true,"valueName":"search_term_string"}}],"inLanguage":"en-US"},{"@type":"Organization","@id":"https:\/\/www.fenster.ee\/#organization","name":"Fenster","url":"https:\/\/www.fenster.ee\/","logo":{"@type":"ImageObject","inLanguage":"en-US","@id":"https:\/\/www.fenster.ee\/#\/schema\/logo\/image\/","url":"https:\/\/www.fenster.ee\/wp-content\/uploads\/2017\/07\/fenster-logo-1.png","contentUrl":"https:\/\/www.fenster.ee\/wp-content\/uploads\/2017\/07\/fenster-logo-1.png","width":600,"height":116,"caption":"Fenster"},"image":{"@id":"https:\/\/www.fenster.ee\/#\/schema\/logo\/image\/"},"sameAs":["https:\/\/www.facebook.com\/FensterAknad\/"]}]}},"_links":{"self":[{"href":"https:\/\/www.fenster.ee\/en\/wp-json\/wp\/v2\/pages\/996","targetHints":{"allow":["GET"]}}],"collection":[{"href":"https:\/\/www.fenster.ee\/en\/wp-json\/wp\/v2\/pages"}],"about":[{"href":"https:\/\/www.fenster.ee\/en\/wp-json\/wp\/v2\/types\/page"}],"author":[{"embeddable":true,"href":"https:\/\/www.fenster.ee\/en\/wp-json\/wp\/v2\/users\/1"}],"replies":[{"embeddable":true,"href":"https:\/\/www.fenster.ee\/en\/wp-json\/wp\/v2\/comments?post=996"}],"version-history":[{"count":3,"href":"https:\/\/www.fenster.ee\/en\/wp-json\/wp\/v2\/pages\/996\/revisions"}],"predecessor-version":[{"id":1139,"href":"https:\/\/www.fenster.ee\/en\/wp-json\/wp\/v2\/pages\/996\/revisions\/1139"}],"up":[{"embeddable":true,"href":"https:\/\/www.fenster.ee\/en\/wp-json\/wp\/v2\/pages\/718"}],"wp:attachment":[{"href":"https:\/\/www.fenster.ee\/en\/wp-json\/wp\/v2\/media?parent=996"}],"curies":[{"name":"wp","href":"https:\/\/api.w.org\/{rel}","templated":true}]}}