{"id":2019,"date":"2018-04-05T14:19:22","date_gmt":"2018-04-05T11:19:22","guid":{"rendered":"http:\/\/www.fenster.ee\/tule-meile-toole-2\/"},"modified":"2019-01-07T15:08:15","modified_gmt":"2019-01-07T12:08:15","slug":"%d0%bd%d0%b0-%d1%80%d0%b0%d0%b1%d0%be%d1%82%d1%83","status":"publish","type":"page","link":"https:\/\/www.fenster.ee\/ru\/firmast\/%d0%bd%d0%b0-%d1%80%d0%b0%d0%b1%d0%be%d1%82%d1%83\/","title":{"rendered":"\u041f\u0440\u0438\u0445\u043e\u0434\u0438\u0442\u0435 \u043d\u0430 \u0440\u0430\u0431\u043e\u0442\u0443!"},"content":{"rendered":"<p>Pakume t\u00f6\u00f6d :<\/p>\n<p><strong>tootmist\u00f6\u00f6listele<\/strong>\u00a0ja usinatele<br \/>\n<strong>akende paigaldajatele<\/strong>.<\/p>\n<p><strong>Kirjuta<\/strong>: myyk@fenster.ee<\/p>\n<p><strong>Helista<\/strong>: 6388300<\/p>\n","protected":false},"excerpt":{"rendered":"<p>Pakume t\u00f6\u00f6d : tootmist\u00f6\u00f6listele\u00a0ja usinatele akende paigaldajatele. Kirjuta: myyk@fenster.ee Helista: 6388300<\/p>\n","protected":false},"author":1,"featured_media":0,"parent":557,"menu_order":0,"comment_status":"closed","ping_status":"open","template":"","meta":{"_acf_changed":false,"footnotes":""},"class_list":["post-2019","page","type-page","status-publish","hentry"],"acf":[],"yoast_head":"<!-- This site is optimized with the Yoast SEO plugin v27.1.1 - https:\/\/yoast.com\/product\/yoast-seo-wordpress\/ -->\n<title>\u041f\u0440\u0438\u0445\u043e\u0434\u0438\u0442\u0435 \u043d\u0430 \u0440\u0430\u0431\u043e\u0442\u0443! - Fenster<\/title>\n<meta name=\"description\" content=\"Otsime oma meeskonda PROJEKTIJUHTI Sinu \u00fclesandeks on suuremahuliste m\u00fc\u00fcgiprojektide juhtimine sh akende projekteerimine...\" \/>\n<meta name=\"robots\" content=\"index, follow, max-snippet:-1, max-image-preview:large, max-video-preview:-1\" \/>\n<link rel=\"canonical\" href=\"https:\/\/www.fenster.ee\/ru\/firmast\/\u043d\u0430-\u0440\u0430\u0431\u043e\u0442\u0443\/\" \/>\n<meta property=\"og:locale\" content=\"ru_RU\" \/>\n<meta property=\"og:type\" content=\"article\" \/>\n<meta property=\"og:title\" content=\"\u041f\u0440\u0438\u0445\u043e\u0434\u0438\u0442\u0435 \u043d\u0430 \u0440\u0430\u0431\u043e\u0442\u0443! - Fenster\" \/>\n<meta property=\"og:description\" content=\"Otsime oma meeskonda PROJEKTIJUHTI Sinu \u00fclesandeks on suuremahuliste m\u00fc\u00fcgiprojektide juhtimine sh akende projekteerimine...\" \/>\n<meta property=\"og:url\" content=\"https:\/\/www.fenster.ee\/ru\/firmast\/\u043d\u0430-\u0440\u0430\u0431\u043e\u0442\u0443\/\" \/>\n<meta property=\"og:site_name\" content=\"Fenster\" \/>\n<meta property=\"article:publisher\" content=\"https:\/\/www.facebook.com\/FensterAknad\/\" \/>\n<meta property=\"article:modified_time\" content=\"2019-01-07T12:08:15+00:00\" \/>\n<script type=\"application\/ld+json\" class=\"yoast-schema-graph\">{\"@context\":\"https:\/\/schema.org\",\"@graph\":[{\"@type\":\"WebPage\",\"@id\":\"https:\/\/www.fenster.ee\/ru\/firmast\/%d0%bd%d0%b0-%d1%80%d0%b0%d0%b1%d0%be%d1%82%d1%83\/\",\"url\":\"https:\/\/www.fenster.ee\/ru\/firmast\/%d0%bd%d0%b0-%d1%80%d0%b0%d0%b1%d0%be%d1%82%d1%83\/\",\"name\":\"\u041f\u0440\u0438\u0445\u043e\u0434\u0438\u0442\u0435 \u043d\u0430 \u0440\u0430\u0431\u043e\u0442\u0443! - Fenster\",\"isPartOf\":{\"@id\":\"https:\/\/www.fenster.ee\/#website\"},\"datePublished\":\"2018-04-05T11:19:22+00:00\",\"dateModified\":\"2019-01-07T12:08:15+00:00\",\"description\":\"Otsime oma meeskonda PROJEKTIJUHTI Sinu \u00fclesandeks on suuremahuliste m\u00fc\u00fcgiprojektide juhtimine sh akende projekteerimine...\",\"breadcrumb\":{\"@id\":\"https:\/\/www.fenster.ee\/ru\/firmast\/%d0%bd%d0%b0-%d1%80%d0%b0%d0%b1%d0%be%d1%82%d1%83\/#breadcrumb\"},\"inLanguage\":\"ru-RU\",\"potentialAction\":[{\"@type\":\"ReadAction\",\"target\":[\"https:\/\/www.fenster.ee\/ru\/firmast\/%d0%bd%d0%b0-%d1%80%d0%b0%d0%b1%d0%be%d1%82%d1%83\/\"]}]},{\"@type\":\"BreadcrumbList\",\"@id\":\"https:\/\/www.fenster.ee\/ru\/firmast\/%d0%bd%d0%b0-%d1%80%d0%b0%d0%b1%d0%be%d1%82%d1%83\/#breadcrumb\",\"itemListElement\":[{\"@type\":\"ListItem\",\"position\":1,\"name\":\"Algus\",\"item\":\"https:\/\/www.fenster.ee\/\"},{\"@type\":\"ListItem\",\"position\":2,\"name\":\"\u041e \u0424\u0418\u0420\u041c\u0415\",\"item\":\"https:\/\/www.fenster.ee\/ru\/firmast\/\"},{\"@type\":\"ListItem\",\"position\":3,\"name\":\"\u041f\u0440\u0438\u0445\u043e\u0434\u0438\u0442\u0435 \u043d\u0430 \u0440\u0430\u0431\u043e\u0442\u0443!\"}]},{\"@type\":\"WebSite\",\"@id\":\"https:\/\/www.fenster.ee\/#website\",\"url\":\"https:\/\/www.fenster.ee\/\",\"name\":\"Fenster\",\"description\":\"Tunnustatud aknaekspert - aknad igale ilmale\",\"publisher\":{\"@id\":\"https:\/\/www.fenster.ee\/#organization\"},\"potentialAction\":[{\"@type\":\"SearchAction\",\"target\":{\"@type\":\"EntryPoint\",\"urlTemplate\":\"https:\/\/www.fenster.ee\/?s={search_term_string}\"},\"query-input\":{\"@type\":\"PropertyValueSpecification\",\"valueRequired\":true,\"valueName\":\"search_term_string\"}}],\"inLanguage\":\"ru-RU\"},{\"@type\":\"Organization\",\"@id\":\"https:\/\/www.fenster.ee\/#organization\",\"name\":\"Fenster\",\"url\":\"https:\/\/www.fenster.ee\/\",\"logo\":{\"@type\":\"ImageObject\",\"inLanguage\":\"ru-RU\",\"@id\":\"https:\/\/www.fenster.ee\/#\/schema\/logo\/image\/\",\"url\":\"https:\/\/www.fenster.ee\/wp-content\/uploads\/2017\/07\/fenster-logo-1.png\",\"contentUrl\":\"https:\/\/www.fenster.ee\/wp-content\/uploads\/2017\/07\/fenster-logo-1.png\",\"width\":600,\"height\":116,\"caption\":\"Fenster\"},\"image\":{\"@id\":\"https:\/\/www.fenster.ee\/#\/schema\/logo\/image\/\"},\"sameAs\":[\"https:\/\/www.facebook.com\/FensterAknad\/\"]}]}<\/script>\n<!-- \/ Yoast SEO plugin. -->","yoast_head_json":{"title":"\u041f\u0440\u0438\u0445\u043e\u0434\u0438\u0442\u0435 \u043d\u0430 \u0440\u0430\u0431\u043e\u0442\u0443! - Fenster","description":"Otsime oma meeskonda PROJEKTIJUHTI Sinu \u00fclesandeks on suuremahuliste m\u00fc\u00fcgiprojektide juhtimine sh akende projekteerimine...","robots":{"index":"index","follow":"follow","max-snippet":"max-snippet:-1","max-image-preview":"max-image-preview:large","max-video-preview":"max-video-preview:-1"},"canonical":"https:\/\/www.fenster.ee\/ru\/firmast\/\u043d\u0430-\u0440\u0430\u0431\u043e\u0442\u0443\/","og_locale":"ru_RU","og_type":"article","og_title":"\u041f\u0440\u0438\u0445\u043e\u0434\u0438\u0442\u0435 \u043d\u0430 \u0440\u0430\u0431\u043e\u0442\u0443! - Fenster","og_description":"Otsime oma meeskonda PROJEKTIJUHTI Sinu \u00fclesandeks on suuremahuliste m\u00fc\u00fcgiprojektide juhtimine sh akende projekteerimine...","og_url":"https:\/\/www.fenster.ee\/ru\/firmast\/\u043d\u0430-\u0440\u0430\u0431\u043e\u0442\u0443\/","og_site_name":"Fenster","article_publisher":"https:\/\/www.facebook.com\/FensterAknad\/","article_modified_time":"2019-01-07T12:08:15+00:00","schema":{"@context":"https:\/\/schema.org","@graph":[{"@type":"WebPage","@id":"https:\/\/www.fenster.ee\/ru\/firmast\/%d0%bd%d0%b0-%d1%80%d0%b0%d0%b1%d0%be%d1%82%d1%83\/","url":"https:\/\/www.fenster.ee\/ru\/firmast\/%d0%bd%d0%b0-%d1%80%d0%b0%d0%b1%d0%be%d1%82%d1%83\/","name":"\u041f\u0440\u0438\u0445\u043e\u0434\u0438\u0442\u0435 \u043d\u0430 \u0440\u0430\u0431\u043e\u0442\u0443! - Fenster","isPartOf":{"@id":"https:\/\/www.fenster.ee\/#website"},"datePublished":"2018-04-05T11:19:22+00:00","dateModified":"2019-01-07T12:08:15+00:00","description":"Otsime oma meeskonda PROJEKTIJUHTI Sinu \u00fclesandeks on suuremahuliste m\u00fc\u00fcgiprojektide juhtimine sh akende projekteerimine...","breadcrumb":{"@id":"https:\/\/www.fenster.ee\/ru\/firmast\/%d0%bd%d0%b0-%d1%80%d0%b0%d0%b1%d0%be%d1%82%d1%83\/#breadcrumb"},"inLanguage":"ru-RU","potentialAction":[{"@type":"ReadAction","target":["https:\/\/www.fenster.ee\/ru\/firmast\/%d0%bd%d0%b0-%d1%80%d0%b0%d0%b1%d0%be%d1%82%d1%83\/"]}]},{"@type":"BreadcrumbList","@id":"https:\/\/www.fenster.ee\/ru\/firmast\/%d0%bd%d0%b0-%d1%80%d0%b0%d0%b1%d0%be%d1%82%d1%83\/#breadcrumb","itemListElement":[{"@type":"ListItem","position":1,"name":"Algus","item":"https:\/\/www.fenster.ee\/"},{"@type":"ListItem","position":2,"name":"\u041e \u0424\u0418\u0420\u041c\u0415","item":"https:\/\/www.fenster.ee\/ru\/firmast\/"},{"@type":"ListItem","position":3,"name":"\u041f\u0440\u0438\u0445\u043e\u0434\u0438\u0442\u0435 \u043d\u0430 \u0440\u0430\u0431\u043e\u0442\u0443!"}]},{"@type":"WebSite","@id":"https:\/\/www.fenster.ee\/#website","url":"https:\/\/www.fenster.ee\/","name":"Fenster","description":"Tunnustatud aknaekspert - aknad igale ilmale","publisher":{"@id":"https:\/\/www.fenster.ee\/#organization"},"potentialAction":[{"@type":"SearchAction","target":{"@type":"EntryPoint","urlTemplate":"https:\/\/www.fenster.ee\/?s={search_term_string}"},"query-input":{"@type":"PropertyValueSpecification","valueRequired":true,"valueName":"search_term_string"}}],"inLanguage":"ru-RU"},{"@type":"Organization","@id":"https:\/\/www.fenster.ee\/#organization","name":"Fenster","url":"https:\/\/www.fenster.ee\/","logo":{"@type":"ImageObject","inLanguage":"ru-RU","@id":"https:\/\/www.fenster.ee\/#\/schema\/logo\/image\/","url":"https:\/\/www.fenster.ee\/wp-content\/uploads\/2017\/07\/fenster-logo-1.png","contentUrl":"https:\/\/www.fenster.ee\/wp-content\/uploads\/2017\/07\/fenster-logo-1.png","width":600,"height":116,"caption":"Fenster"},"image":{"@id":"https:\/\/www.fenster.ee\/#\/schema\/logo\/image\/"},"sameAs":["https:\/\/www.facebook.com\/FensterAknad\/"]}]}},"_links":{"self":[{"href":"https:\/\/www.fenster.ee\/ru\/wp-json\/wp\/v2\/pages\/2019","targetHints":{"allow":["GET"]}}],"collection":[{"href":"https:\/\/www.fenster.ee\/ru\/wp-json\/wp\/v2\/pages"}],"about":[{"href":"https:\/\/www.fenster.ee\/ru\/wp-json\/wp\/v2\/types\/page"}],"author":[{"embeddable":true,"href":"https:\/\/www.fenster.ee\/ru\/wp-json\/wp\/v2\/users\/1"}],"replies":[{"embeddable":true,"href":"https:\/\/www.fenster.ee\/ru\/wp-json\/wp\/v2\/comments?post=2019"}],"version-history":[{"count":4,"href":"https:\/\/www.fenster.ee\/ru\/wp-json\/wp\/v2\/pages\/2019\/revisions"}],"predecessor-version":[{"id":2258,"href":"https:\/\/www.fenster.ee\/ru\/wp-json\/wp\/v2\/pages\/2019\/revisions\/2258"}],"up":[{"embeddable":true,"href":"https:\/\/www.fenster.ee\/ru\/wp-json\/wp\/v2\/pages\/557"}],"wp:attachment":[{"href":"https:\/\/www.fenster.ee\/ru\/wp-json\/wp\/v2\/media?parent=2019"}],"curies":[{"name":"wp","href":"https:\/\/api.w.org\/{rel}","templated":true}]}}