{"id":589,"date":"2014-05-26T13:46:14","date_gmt":"2014-05-26T10:46:14","guid":{"rendered":"http:\/\/www.fenster.ee\/?page_id=589"},"modified":"2024-07-04T10:00:59","modified_gmt":"2024-07-04T07:00:59","slug":"odavad-aknad-tartu","status":"publish","type":"page","link":"https:\/\/www.fenster.ee\/ru\/firmast\/kontaktid\/odavad-aknad-tartu\/","title":{"rendered":"Tartu"},"content":{"rendered":"<address><a href=\"https:\/\/www.fenster.ee\/ru\/firmast\/kontaktid\/odavad-aknad-tartu\/77e9ca87-00d3-426f-a079-caafe11330fb-2\/\" rel=\"attachment wp-att-5000\"><img loading=\"lazy\" decoding=\"async\" class=\"aligncenter size-large wp-image-5000\" src=\"https:\/\/www.fenster.ee\/wp-content\/uploads\/2022\/07\/77E9CA87-00D3-426F-A079-CAAFE11330FB-1024x768.jpeg\" alt=\"\" width=\"1024\" height=\"768\" srcset=\"https:\/\/www.fenster.ee\/wp-content\/uploads\/2022\/07\/77E9CA87-00D3-426F-A079-CAAFE11330FB-1024x768.jpeg 1024w, https:\/\/www.fenster.ee\/wp-content\/uploads\/2022\/07\/77E9CA87-00D3-426F-A079-CAAFE11330FB-300x225.jpeg 300w, https:\/\/www.fenster.ee\/wp-content\/uploads\/2022\/07\/77E9CA87-00D3-426F-A079-CAAFE11330FB-768x576.jpeg 768w, https:\/\/www.fenster.ee\/wp-content\/uploads\/2022\/07\/77E9CA87-00D3-426F-A079-CAAFE11330FB-600x450.jpeg 600w, https:\/\/www.fenster.ee\/wp-content\/uploads\/2022\/07\/77E9CA87-00D3-426F-A079-CAAFE11330FB.jpeg 1734w\" sizes=\"auto, (max-width: 1024px) 100vw, 1024px\" \/><\/a><\/address>\n<address><a href=\"https:\/\/www.fenster.ee\/ru\/firmast\/kontaktid\/odavad-aknad-tartu\/6d56e01a-be2c-491e-8717-080f43e2f894-2\/\" rel=\"attachment wp-att-5008\"><img loading=\"lazy\" decoding=\"async\" class=\"aligncenter size-full wp-image-5008\" src=\"https:\/\/www.fenster.ee\/wp-content\/uploads\/2022\/07\/6D56E01A-BE2C-491E-8717-080F43E2F894.jpeg\" alt=\"\" width=\"960\" height=\"720\" srcset=\"https:\/\/www.fenster.ee\/wp-content\/uploads\/2022\/07\/6D56E01A-BE2C-491E-8717-080F43E2F894.jpeg 960w, https:\/\/www.fenster.ee\/wp-content\/uploads\/2022\/07\/6D56E01A-BE2C-491E-8717-080F43E2F894-300x225.jpeg 300w, https:\/\/www.fenster.ee\/wp-content\/uploads\/2022\/07\/6D56E01A-BE2C-491E-8717-080F43E2F894-768x576.jpeg 768w, https:\/\/www.fenster.ee\/wp-content\/uploads\/2022\/07\/6D56E01A-BE2C-491E-8717-080F43E2F894-600x450.jpeg 600w\" sizes=\"auto, (max-width: 960px) 100vw, 960px\" \/><\/a><\/address>\n<address><span style=\"color: #ff0000;\"><strong>Puhkuste t\u00f5ttu kontor suletud 15.07-21.07<\/strong><\/span><\/address>\n<address><em>Rimeeda O\u00dc<br \/>\n<\/em><\/address>\n<address>T\u00e4he 110, 2 krs<\/address>\n<address><em>Tartu 51013<\/em><\/address>\n","protected":false},"excerpt":{"rendered":"<p>Puhkuste t\u00f5ttu kontor suletud 15.07-21.07 Rimeeda O\u00dc T\u00e4he 110, 2 krs Tartu 51013<\/p>\n","protected":false},"author":1,"featured_media":0,"parent":559,"menu_order":2,"comment_status":"closed","ping_status":"open","template":"page-office.php","meta":{"_acf_changed":false,"footnotes":""},"class_list":["post-589","page","type-page","status-publish","hentry"],"acf":[],"yoast_head":"<!-- This site is optimized with the Yoast SEO plugin v27.1.1 - https:\/\/yoast.com\/product\/yoast-seo-wordpress\/ -->\n<title>Tartu - Fenster<\/title>\n<meta name=\"description\" content=\"Odavad aknad, Uksed, Plastaknad, Plastikaknad, PVC Aknad, r\u00f5duuksed. Toodame kvaliteetseid energias\u00e4\u00e4stlikke ning soojapidavaid aknad. Tartu kontakt\" \/>\n<meta name=\"robots\" content=\"index, follow, max-snippet:-1, max-image-preview:large, max-video-preview:-1\" \/>\n<link rel=\"canonical\" href=\"https:\/\/www.fenster.ee\/ru\/firmast\/kontaktid\/odavad-aknad-tartu\/\" \/>\n<meta property=\"og:locale\" content=\"ru_RU\" \/>\n<meta property=\"og:type\" content=\"article\" \/>\n<meta property=\"og:title\" content=\"Tartu - Fenster\" \/>\n<meta property=\"og:description\" content=\"Odavad aknad, Uksed, Plastaknad, Plastikaknad, PVC Aknad, r\u00f5duuksed. Toodame kvaliteetseid energias\u00e4\u00e4stlikke ning soojapidavaid aknad. Tartu kontakt\" \/>\n<meta property=\"og:url\" content=\"https:\/\/www.fenster.ee\/ru\/firmast\/kontaktid\/odavad-aknad-tartu\/\" \/>\n<meta property=\"og:site_name\" content=\"Fenster\" \/>\n<meta property=\"article:publisher\" content=\"https:\/\/www.facebook.com\/FensterAknad\/\" \/>\n<meta property=\"article:modified_time\" content=\"2024-07-04T07:00:59+00:00\" \/>\n<meta property=\"og:image\" content=\"https:\/\/www.fenster.ee\/wp-content\/uploads\/2022\/07\/77E9CA87-00D3-426F-A079-CAAFE11330FB-1024x768.jpeg\" \/>\n<meta name=\"twitter:label1\" content=\"\u041f\u0440\u0438\u043c\u0435\u0440\u043d\u043e\u0435 \u0432\u0440\u0435\u043c\u044f \u0434\u043b\u044f \u0447\u0442\u0435\u043d\u0438\u044f\" \/>\n\t<meta name=\"twitter:data1\" content=\"1 \u043c\u0438\u043d\u0443\u0442\u0430\" \/>\n<script type=\"application\/ld+json\" class=\"yoast-schema-graph\">{\"@context\":\"https:\/\/schema.org\",\"@graph\":[{\"@type\":\"WebPage\",\"@id\":\"https:\/\/www.fenster.ee\/ru\/firmast\/kontaktid\/odavad-aknad-tartu\/\",\"url\":\"https:\/\/www.fenster.ee\/ru\/firmast\/kontaktid\/odavad-aknad-tartu\/\",\"name\":\"Tartu - Fenster\",\"isPartOf\":{\"@id\":\"https:\/\/www.fenster.ee\/#website\"},\"primaryImageOfPage\":{\"@id\":\"https:\/\/www.fenster.ee\/ru\/firmast\/kontaktid\/odavad-aknad-tartu\/#primaryimage\"},\"image\":{\"@id\":\"https:\/\/www.fenster.ee\/ru\/firmast\/kontaktid\/odavad-aknad-tartu\/#primaryimage\"},\"thumbnailUrl\":\"https:\/\/www.fenster.ee\/wp-content\/uploads\/2022\/07\/77E9CA87-00D3-426F-A079-CAAFE11330FB-1024x768.jpeg\",\"datePublished\":\"2014-05-26T10:46:14+00:00\",\"dateModified\":\"2024-07-04T07:00:59+00:00\",\"description\":\"Odavad aknad, Uksed, Plastaknad, Plastikaknad, PVC Aknad, r\u00f5duuksed. Toodame kvaliteetseid energias\u00e4\u00e4stlikke ning soojapidavaid aknad. Tartu kontakt\",\"breadcrumb\":{\"@id\":\"https:\/\/www.fenster.ee\/ru\/firmast\/kontaktid\/odavad-aknad-tartu\/#breadcrumb\"},\"inLanguage\":\"ru-RU\",\"potentialAction\":[{\"@type\":\"ReadAction\",\"target\":[\"https:\/\/www.fenster.ee\/ru\/firmast\/kontaktid\/odavad-aknad-tartu\/\"]}]},{\"@type\":\"ImageObject\",\"inLanguage\":\"ru-RU\",\"@id\":\"https:\/\/www.fenster.ee\/ru\/firmast\/kontaktid\/odavad-aknad-tartu\/#primaryimage\",\"url\":\"https:\/\/www.fenster.ee\/wp-content\/uploads\/2022\/07\/77E9CA87-00D3-426F-A079-CAAFE11330FB-1024x768.jpeg\",\"contentUrl\":\"https:\/\/www.fenster.ee\/wp-content\/uploads\/2022\/07\/77E9CA87-00D3-426F-A079-CAAFE11330FB-1024x768.jpeg\"},{\"@type\":\"BreadcrumbList\",\"@id\":\"https:\/\/www.fenster.ee\/ru\/firmast\/kontaktid\/odavad-aknad-tartu\/#breadcrumb\",\"itemListElement\":[{\"@type\":\"ListItem\",\"position\":1,\"name\":\"Algus\",\"item\":\"https:\/\/www.fenster.ee\/\"},{\"@type\":\"ListItem\",\"position\":2,\"name\":\"\u041e \u0424\u0418\u0420\u041c\u0415\",\"item\":\"https:\/\/www.fenster.ee\/ru\/firmast\/\"},{\"@type\":\"ListItem\",\"position\":3,\"name\":\"\u041a\u043e\u043d\u0442\u0430\u043a\u0442\u044b\",\"item\":\"https:\/\/www.fenster.ee\/ru\/firmast\/kontaktid\/\"},{\"@type\":\"ListItem\",\"position\":4,\"name\":\"Tartu\"}]},{\"@type\":\"WebSite\",\"@id\":\"https:\/\/www.fenster.ee\/#website\",\"url\":\"https:\/\/www.fenster.ee\/\",\"name\":\"Fenster\",\"description\":\"Tunnustatud aknaekspert - aknad igale ilmale\",\"publisher\":{\"@id\":\"https:\/\/www.fenster.ee\/#organization\"},\"potentialAction\":[{\"@type\":\"SearchAction\",\"target\":{\"@type\":\"EntryPoint\",\"urlTemplate\":\"https:\/\/www.fenster.ee\/?s={search_term_string}\"},\"query-input\":{\"@type\":\"PropertyValueSpecification\",\"valueRequired\":true,\"valueName\":\"search_term_string\"}}],\"inLanguage\":\"ru-RU\"},{\"@type\":\"Organization\",\"@id\":\"https:\/\/www.fenster.ee\/#organization\",\"name\":\"Fenster\",\"url\":\"https:\/\/www.fenster.ee\/\",\"logo\":{\"@type\":\"ImageObject\",\"inLanguage\":\"ru-RU\",\"@id\":\"https:\/\/www.fenster.ee\/#\/schema\/logo\/image\/\",\"url\":\"https:\/\/www.fenster.ee\/wp-content\/uploads\/2017\/07\/fenster-logo-1.png\",\"contentUrl\":\"https:\/\/www.fenster.ee\/wp-content\/uploads\/2017\/07\/fenster-logo-1.png\",\"width\":600,\"height\":116,\"caption\":\"Fenster\"},\"image\":{\"@id\":\"https:\/\/www.fenster.ee\/#\/schema\/logo\/image\/\"},\"sameAs\":[\"https:\/\/www.facebook.com\/FensterAknad\/\"]}]}<\/script>\n<!-- \/ Yoast SEO plugin. -->","yoast_head_json":{"title":"Tartu - Fenster","description":"Odavad aknad, Uksed, Plastaknad, Plastikaknad, PVC Aknad, r\u00f5duuksed. Toodame kvaliteetseid energias\u00e4\u00e4stlikke ning soojapidavaid aknad. Tartu kontakt","robots":{"index":"index","follow":"follow","max-snippet":"max-snippet:-1","max-image-preview":"max-image-preview:large","max-video-preview":"max-video-preview:-1"},"canonical":"https:\/\/www.fenster.ee\/ru\/firmast\/kontaktid\/odavad-aknad-tartu\/","og_locale":"ru_RU","og_type":"article","og_title":"Tartu - Fenster","og_description":"Odavad aknad, Uksed, Plastaknad, Plastikaknad, PVC Aknad, r\u00f5duuksed. Toodame kvaliteetseid energias\u00e4\u00e4stlikke ning soojapidavaid aknad. Tartu kontakt","og_url":"https:\/\/www.fenster.ee\/ru\/firmast\/kontaktid\/odavad-aknad-tartu\/","og_site_name":"Fenster","article_publisher":"https:\/\/www.facebook.com\/FensterAknad\/","article_modified_time":"2024-07-04T07:00:59+00:00","og_image":[{"url":"https:\/\/www.fenster.ee\/wp-content\/uploads\/2022\/07\/77E9CA87-00D3-426F-A079-CAAFE11330FB-1024x768.jpeg","type":"","width":"","height":""}],"twitter_misc":{"\u041f\u0440\u0438\u043c\u0435\u0440\u043d\u043e\u0435 \u0432\u0440\u0435\u043c\u044f \u0434\u043b\u044f \u0447\u0442\u0435\u043d\u0438\u044f":"1 \u043c\u0438\u043d\u0443\u0442\u0430"},"schema":{"@context":"https:\/\/schema.org","@graph":[{"@type":"WebPage","@id":"https:\/\/www.fenster.ee\/ru\/firmast\/kontaktid\/odavad-aknad-tartu\/","url":"https:\/\/www.fenster.ee\/ru\/firmast\/kontaktid\/odavad-aknad-tartu\/","name":"Tartu - Fenster","isPartOf":{"@id":"https:\/\/www.fenster.ee\/#website"},"primaryImageOfPage":{"@id":"https:\/\/www.fenster.ee\/ru\/firmast\/kontaktid\/odavad-aknad-tartu\/#primaryimage"},"image":{"@id":"https:\/\/www.fenster.ee\/ru\/firmast\/kontaktid\/odavad-aknad-tartu\/#primaryimage"},"thumbnailUrl":"https:\/\/www.fenster.ee\/wp-content\/uploads\/2022\/07\/77E9CA87-00D3-426F-A079-CAAFE11330FB-1024x768.jpeg","datePublished":"2014-05-26T10:46:14+00:00","dateModified":"2024-07-04T07:00:59+00:00","description":"Odavad aknad, Uksed, Plastaknad, Plastikaknad, PVC Aknad, r\u00f5duuksed. Toodame kvaliteetseid energias\u00e4\u00e4stlikke ning soojapidavaid aknad. Tartu kontakt","breadcrumb":{"@id":"https:\/\/www.fenster.ee\/ru\/firmast\/kontaktid\/odavad-aknad-tartu\/#breadcrumb"},"inLanguage":"ru-RU","potentialAction":[{"@type":"ReadAction","target":["https:\/\/www.fenster.ee\/ru\/firmast\/kontaktid\/odavad-aknad-tartu\/"]}]},{"@type":"ImageObject","inLanguage":"ru-RU","@id":"https:\/\/www.fenster.ee\/ru\/firmast\/kontaktid\/odavad-aknad-tartu\/#primaryimage","url":"https:\/\/www.fenster.ee\/wp-content\/uploads\/2022\/07\/77E9CA87-00D3-426F-A079-CAAFE11330FB-1024x768.jpeg","contentUrl":"https:\/\/www.fenster.ee\/wp-content\/uploads\/2022\/07\/77E9CA87-00D3-426F-A079-CAAFE11330FB-1024x768.jpeg"},{"@type":"BreadcrumbList","@id":"https:\/\/www.fenster.ee\/ru\/firmast\/kontaktid\/odavad-aknad-tartu\/#breadcrumb","itemListElement":[{"@type":"ListItem","position":1,"name":"Algus","item":"https:\/\/www.fenster.ee\/"},{"@type":"ListItem","position":2,"name":"\u041e \u0424\u0418\u0420\u041c\u0415","item":"https:\/\/www.fenster.ee\/ru\/firmast\/"},{"@type":"ListItem","position":3,"name":"\u041a\u043e\u043d\u0442\u0430\u043a\u0442\u044b","item":"https:\/\/www.fenster.ee\/ru\/firmast\/kontaktid\/"},{"@type":"ListItem","position":4,"name":"Tartu"}]},{"@type":"WebSite","@id":"https:\/\/www.fenster.ee\/#website","url":"https:\/\/www.fenster.ee\/","name":"Fenster","description":"Tunnustatud aknaekspert - aknad igale ilmale","publisher":{"@id":"https:\/\/www.fenster.ee\/#organization"},"potentialAction":[{"@type":"SearchAction","target":{"@type":"EntryPoint","urlTemplate":"https:\/\/www.fenster.ee\/?s={search_term_string}"},"query-input":{"@type":"PropertyValueSpecification","valueRequired":true,"valueName":"search_term_string"}}],"inLanguage":"ru-RU"},{"@type":"Organization","@id":"https:\/\/www.fenster.ee\/#organization","name":"Fenster","url":"https:\/\/www.fenster.ee\/","logo":{"@type":"ImageObject","inLanguage":"ru-RU","@id":"https:\/\/www.fenster.ee\/#\/schema\/logo\/image\/","url":"https:\/\/www.fenster.ee\/wp-content\/uploads\/2017\/07\/fenster-logo-1.png","contentUrl":"https:\/\/www.fenster.ee\/wp-content\/uploads\/2017\/07\/fenster-logo-1.png","width":600,"height":116,"caption":"Fenster"},"image":{"@id":"https:\/\/www.fenster.ee\/#\/schema\/logo\/image\/"},"sameAs":["https:\/\/www.facebook.com\/FensterAknad\/"]}]}},"_links":{"self":[{"href":"https:\/\/www.fenster.ee\/ru\/wp-json\/wp\/v2\/pages\/589","targetHints":{"allow":["GET"]}}],"collection":[{"href":"https:\/\/www.fenster.ee\/ru\/wp-json\/wp\/v2\/pages"}],"about":[{"href":"https:\/\/www.fenster.ee\/ru\/wp-json\/wp\/v2\/types\/page"}],"author":[{"embeddable":true,"href":"https:\/\/www.fenster.ee\/ru\/wp-json\/wp\/v2\/users\/1"}],"replies":[{"embeddable":true,"href":"https:\/\/www.fenster.ee\/ru\/wp-json\/wp\/v2\/comments?post=589"}],"version-history":[{"count":18,"href":"https:\/\/www.fenster.ee\/ru\/wp-json\/wp\/v2\/pages\/589\/revisions"}],"predecessor-version":[{"id":5141,"href":"https:\/\/www.fenster.ee\/ru\/wp-json\/wp\/v2\/pages\/589\/revisions\/5141"}],"up":[{"embeddable":true,"href":"https:\/\/www.fenster.ee\/ru\/wp-json\/wp\/v2\/pages\/559"}],"wp:attachment":[{"href":"https:\/\/www.fenster.ee\/ru\/wp-json\/wp\/v2\/media?parent=589"}],"curies":[{"name":"wp","href":"https:\/\/api.w.org\/{rel}","templated":true}]}}