{"id":599,"date":"2014-05-26T14:51:46","date_gmt":"2014-05-26T11:51:46","guid":{"rendered":"http:\/\/www.fenster.ee\/?page_id=599"},"modified":"2017-10-18T20:45:10","modified_gmt":"2017-10-18T17:45:10","slug":"rapla","status":"publish","type":"page","link":"https:\/\/www.fenster.ee\/ru\/firmast\/kontaktid\/rapla\/","title":{"rendered":"Rapla"},"content":{"rendered":"<p><strong>Rapla edasim\u00fc\u00fcja:<\/strong><\/p>\n<p><strong>Amves O\u00dc<\/strong><\/p>\n","protected":false},"excerpt":{"rendered":"<p>Rapla edasim\u00fc\u00fcja: Amves O\u00dc<\/p>\n","protected":false},"author":1,"featured_media":0,"parent":559,"menu_order":7,"comment_status":"closed","ping_status":"open","template":"page-office.php","meta":{"_acf_changed":false,"footnotes":""},"class_list":["post-599","page","type-page","status-publish","hentry"],"acf":[],"yoast_head":"<!-- This site is optimized with the Yoast SEO plugin v27.1.1 - https:\/\/yoast.com\/product\/yoast-seo-wordpress\/ -->\n<title>Rapla plastaknad , edasim\u00fc\u00fck - Fenster<\/title>\n<meta name=\"description\" content=\"Plastaknad, Plastikaknad, PVC Aknad, r\u00f5duuksed. Toodame kvaliteetseid energias\u00e4\u00e4stlikke ning soojapidavaid aknad ning uksi. Rapla edasim\u00fc\u00fcja\" \/>\n<meta name=\"robots\" content=\"index, follow, max-snippet:-1, max-image-preview:large, max-video-preview:-1\" \/>\n<link rel=\"canonical\" href=\"https:\/\/www.fenster.ee\/ru\/firmast\/kontaktid\/rapla\/\" \/>\n<meta property=\"og:locale\" content=\"ru_RU\" \/>\n<meta property=\"og:type\" content=\"article\" \/>\n<meta property=\"og:title\" content=\"Rapla plastaknad , edasim\u00fc\u00fck - Fenster\" \/>\n<meta property=\"og:description\" content=\"Plastaknad, Plastikaknad, PVC Aknad, r\u00f5duuksed. Toodame kvaliteetseid energias\u00e4\u00e4stlikke ning soojapidavaid aknad ning uksi. Rapla edasim\u00fc\u00fcja\" \/>\n<meta property=\"og:url\" content=\"https:\/\/www.fenster.ee\/ru\/firmast\/kontaktid\/rapla\/\" \/>\n<meta property=\"og:site_name\" content=\"Fenster\" \/>\n<meta property=\"article:publisher\" content=\"https:\/\/www.facebook.com\/FensterAknad\/\" \/>\n<meta property=\"article:modified_time\" content=\"2017-10-18T17:45:10+00:00\" \/>\n<script type=\"application\/ld+json\" class=\"yoast-schema-graph\">{\"@context\":\"https:\/\/schema.org\",\"@graph\":[{\"@type\":\"WebPage\",\"@id\":\"https:\/\/www.fenster.ee\/ru\/firmast\/kontaktid\/rapla\/\",\"url\":\"https:\/\/www.fenster.ee\/ru\/firmast\/kontaktid\/rapla\/\",\"name\":\"Rapla plastaknad , edasim\u00fc\u00fck - Fenster\",\"isPartOf\":{\"@id\":\"https:\/\/www.fenster.ee\/#website\"},\"datePublished\":\"2014-05-26T11:51:46+00:00\",\"dateModified\":\"2017-10-18T17:45:10+00:00\",\"description\":\"Plastaknad, Plastikaknad, PVC Aknad, r\u00f5duuksed. Toodame kvaliteetseid energias\u00e4\u00e4stlikke ning soojapidavaid aknad ning uksi. Rapla edasim\u00fc\u00fcja\",\"breadcrumb\":{\"@id\":\"https:\/\/www.fenster.ee\/ru\/firmast\/kontaktid\/rapla\/#breadcrumb\"},\"inLanguage\":\"ru-RU\",\"potentialAction\":[{\"@type\":\"ReadAction\",\"target\":[\"https:\/\/www.fenster.ee\/ru\/firmast\/kontaktid\/rapla\/\"]}]},{\"@type\":\"BreadcrumbList\",\"@id\":\"https:\/\/www.fenster.ee\/ru\/firmast\/kontaktid\/rapla\/#breadcrumb\",\"itemListElement\":[{\"@type\":\"ListItem\",\"position\":1,\"name\":\"Algus\",\"item\":\"https:\/\/www.fenster.ee\/\"},{\"@type\":\"ListItem\",\"position\":2,\"name\":\"\u041e \u0424\u0418\u0420\u041c\u0415\",\"item\":\"https:\/\/www.fenster.ee\/ru\/firmast\/\"},{\"@type\":\"ListItem\",\"position\":3,\"name\":\"\u041a\u043e\u043d\u0442\u0430\u043a\u0442\u044b\",\"item\":\"https:\/\/www.fenster.ee\/ru\/firmast\/kontaktid\/\"},{\"@type\":\"ListItem\",\"position\":4,\"name\":\"Rapla\"}]},{\"@type\":\"WebSite\",\"@id\":\"https:\/\/www.fenster.ee\/#website\",\"url\":\"https:\/\/www.fenster.ee\/\",\"name\":\"Fenster\",\"description\":\"Tunnustatud aknaekspert - aknad igale ilmale\",\"publisher\":{\"@id\":\"https:\/\/www.fenster.ee\/#organization\"},\"potentialAction\":[{\"@type\":\"SearchAction\",\"target\":{\"@type\":\"EntryPoint\",\"urlTemplate\":\"https:\/\/www.fenster.ee\/?s={search_term_string}\"},\"query-input\":{\"@type\":\"PropertyValueSpecification\",\"valueRequired\":true,\"valueName\":\"search_term_string\"}}],\"inLanguage\":\"ru-RU\"},{\"@type\":\"Organization\",\"@id\":\"https:\/\/www.fenster.ee\/#organization\",\"name\":\"Fenster\",\"url\":\"https:\/\/www.fenster.ee\/\",\"logo\":{\"@type\":\"ImageObject\",\"inLanguage\":\"ru-RU\",\"@id\":\"https:\/\/www.fenster.ee\/#\/schema\/logo\/image\/\",\"url\":\"https:\/\/www.fenster.ee\/wp-content\/uploads\/2017\/07\/fenster-logo-1.png\",\"contentUrl\":\"https:\/\/www.fenster.ee\/wp-content\/uploads\/2017\/07\/fenster-logo-1.png\",\"width\":600,\"height\":116,\"caption\":\"Fenster\"},\"image\":{\"@id\":\"https:\/\/www.fenster.ee\/#\/schema\/logo\/image\/\"},\"sameAs\":[\"https:\/\/www.facebook.com\/FensterAknad\/\"]}]}<\/script>\n<!-- \/ Yoast SEO plugin. -->","yoast_head_json":{"title":"Rapla plastaknad , edasim\u00fc\u00fck - Fenster","description":"Plastaknad, Plastikaknad, PVC Aknad, r\u00f5duuksed. Toodame kvaliteetseid energias\u00e4\u00e4stlikke ning soojapidavaid aknad ning uksi. Rapla edasim\u00fc\u00fcja","robots":{"index":"index","follow":"follow","max-snippet":"max-snippet:-1","max-image-preview":"max-image-preview:large","max-video-preview":"max-video-preview:-1"},"canonical":"https:\/\/www.fenster.ee\/ru\/firmast\/kontaktid\/rapla\/","og_locale":"ru_RU","og_type":"article","og_title":"Rapla plastaknad , edasim\u00fc\u00fck - Fenster","og_description":"Plastaknad, Plastikaknad, PVC Aknad, r\u00f5duuksed. Toodame kvaliteetseid energias\u00e4\u00e4stlikke ning soojapidavaid aknad ning uksi. Rapla edasim\u00fc\u00fcja","og_url":"https:\/\/www.fenster.ee\/ru\/firmast\/kontaktid\/rapla\/","og_site_name":"Fenster","article_publisher":"https:\/\/www.facebook.com\/FensterAknad\/","article_modified_time":"2017-10-18T17:45:10+00:00","schema":{"@context":"https:\/\/schema.org","@graph":[{"@type":"WebPage","@id":"https:\/\/www.fenster.ee\/ru\/firmast\/kontaktid\/rapla\/","url":"https:\/\/www.fenster.ee\/ru\/firmast\/kontaktid\/rapla\/","name":"Rapla plastaknad , edasim\u00fc\u00fck - Fenster","isPartOf":{"@id":"https:\/\/www.fenster.ee\/#website"},"datePublished":"2014-05-26T11:51:46+00:00","dateModified":"2017-10-18T17:45:10+00:00","description":"Plastaknad, Plastikaknad, PVC Aknad, r\u00f5duuksed. Toodame kvaliteetseid energias\u00e4\u00e4stlikke ning soojapidavaid aknad ning uksi. Rapla edasim\u00fc\u00fcja","breadcrumb":{"@id":"https:\/\/www.fenster.ee\/ru\/firmast\/kontaktid\/rapla\/#breadcrumb"},"inLanguage":"ru-RU","potentialAction":[{"@type":"ReadAction","target":["https:\/\/www.fenster.ee\/ru\/firmast\/kontaktid\/rapla\/"]}]},{"@type":"BreadcrumbList","@id":"https:\/\/www.fenster.ee\/ru\/firmast\/kontaktid\/rapla\/#breadcrumb","itemListElement":[{"@type":"ListItem","position":1,"name":"Algus","item":"https:\/\/www.fenster.ee\/"},{"@type":"ListItem","position":2,"name":"\u041e \u0424\u0418\u0420\u041c\u0415","item":"https:\/\/www.fenster.ee\/ru\/firmast\/"},{"@type":"ListItem","position":3,"name":"\u041a\u043e\u043d\u0442\u0430\u043a\u0442\u044b","item":"https:\/\/www.fenster.ee\/ru\/firmast\/kontaktid\/"},{"@type":"ListItem","position":4,"name":"Rapla"}]},{"@type":"WebSite","@id":"https:\/\/www.fenster.ee\/#website","url":"https:\/\/www.fenster.ee\/","name":"Fenster","description":"Tunnustatud aknaekspert - aknad igale ilmale","publisher":{"@id":"https:\/\/www.fenster.ee\/#organization"},"potentialAction":[{"@type":"SearchAction","target":{"@type":"EntryPoint","urlTemplate":"https:\/\/www.fenster.ee\/?s={search_term_string}"},"query-input":{"@type":"PropertyValueSpecification","valueRequired":true,"valueName":"search_term_string"}}],"inLanguage":"ru-RU"},{"@type":"Organization","@id":"https:\/\/www.fenster.ee\/#organization","name":"Fenster","url":"https:\/\/www.fenster.ee\/","logo":{"@type":"ImageObject","inLanguage":"ru-RU","@id":"https:\/\/www.fenster.ee\/#\/schema\/logo\/image\/","url":"https:\/\/www.fenster.ee\/wp-content\/uploads\/2017\/07\/fenster-logo-1.png","contentUrl":"https:\/\/www.fenster.ee\/wp-content\/uploads\/2017\/07\/fenster-logo-1.png","width":600,"height":116,"caption":"Fenster"},"image":{"@id":"https:\/\/www.fenster.ee\/#\/schema\/logo\/image\/"},"sameAs":["https:\/\/www.facebook.com\/FensterAknad\/"]}]}},"_links":{"self":[{"href":"https:\/\/www.fenster.ee\/ru\/wp-json\/wp\/v2\/pages\/599","targetHints":{"allow":["GET"]}}],"collection":[{"href":"https:\/\/www.fenster.ee\/ru\/wp-json\/wp\/v2\/pages"}],"about":[{"href":"https:\/\/www.fenster.ee\/ru\/wp-json\/wp\/v2\/types\/page"}],"author":[{"embeddable":true,"href":"https:\/\/www.fenster.ee\/ru\/wp-json\/wp\/v2\/users\/1"}],"replies":[{"embeddable":true,"href":"https:\/\/www.fenster.ee\/ru\/wp-json\/wp\/v2\/comments?post=599"}],"version-history":[{"count":6,"href":"https:\/\/www.fenster.ee\/ru\/wp-json\/wp\/v2\/pages\/599\/revisions"}],"predecessor-version":[{"id":1909,"href":"https:\/\/www.fenster.ee\/ru\/wp-json\/wp\/v2\/pages\/599\/revisions\/1909"}],"up":[{"embeddable":true,"href":"https:\/\/www.fenster.ee\/ru\/wp-json\/wp\/v2\/pages\/559"}],"wp:attachment":[{"href":"https:\/\/www.fenster.ee\/ru\/wp-json\/wp\/v2\/media?parent=599"}],"curies":[{"name":"wp","href":"https:\/\/api.w.org\/{rel}","templated":true}]}}