{"id":687,"date":"2014-04-06T19:59:14","date_gmt":"2014-04-06T16:59:14","guid":{"rendered":"http:\/\/www.fenster.ee\/?page_id=687"},"modified":"2018-02-02T11:23:12","modified_gmt":"2018-02-02T08:23:12","slug":"eesti","status":"publish","type":"page","link":"https:\/\/www.fenster.ee\/ru\/eesti\/","title":{"rendered":"\u0412\u044b\u043f\u043e\u043b\u043d\u0435\u043d\u043d\u044b\u0435 \u043f\u0440\u043e\u0435\u043a\u0442\u044b"},"content":{"rendered":"\n\t\t<style type=\"text\/css\">\n\t\t\t#gallery-1 {\n\t\t\t\tmargin: auto;\n\t\t\t}\n\t\t\t#gallery-1 .gallery-item {\n\t\t\t\tfloat: left;\n\t\t\t\tmargin-top: 10px;\n\t\t\t\ttext-align: center;\n\t\t\t\twidth: 33%;\n\t\t\t}\n\t\t\t#gallery-1 img {\n\t\t\t\tborder: 2px solid #cfcfcf;\n\t\t\t}\n\t\t\t#gallery-1 .gallery-caption {\n\t\t\t\tmargin-left: 0;\n\t\t\t}\n\t\t\t\/* see gallery_shortcode() in wp-includes\/media.php *\/\n\t\t<\/style>\n\t\t<div id='gallery-1' class='gallery galleryid-687 gallery-columns-3 gallery-size-thumbnail'><dl class='gallery-item'>\n\t\t\t<dt class='gallery-icon landscape'>\n\t\t\t\t<a href='https:\/\/www.fenster.ee\/ru\/eesti\/100_2049-2\/'><img loading=\"lazy\" decoding=\"async\" width=\"200\" height=\"200\" src=\"https:\/\/www.fenster.ee\/wp-content\/uploads\/2014\/04\/100_2049-200x200.jpg\" class=\"attachment-thumbnail size-thumbnail\" alt=\"\" aria-describedby=\"gallery-1-2515\" srcset=\"https:\/\/www.fenster.ee\/wp-content\/uploads\/2014\/04\/100_2049-200x200.jpg 200w, https:\/\/www.fenster.ee\/wp-content\/uploads\/2014\/04\/100_2049-100x100.jpg 100w, https:\/\/www.fenster.ee\/wp-content\/uploads\/2014\/04\/100_2049-150x150.jpg 150w\" sizes=\"auto, (max-width: 200px) 100vw, 200px\" \/><\/a>\n\t\t\t<\/dt>\n\t\t\t\t<dd class='wp-caption-text gallery-caption' id='gallery-1-2515'>\n\t\t\t\tAlumiinium fassaad, aknad Narvas\n\t\t\t\t<\/dd><\/dl><dl class='gallery-item'>\n\t\t\t<dt class='gallery-icon portrait'>\n\t\t\t\t<a href='https:\/\/www.fenster.ee\/ru\/eesti\/100_2050-2\/'><img loading=\"lazy\" decoding=\"async\" width=\"200\" height=\"200\" src=\"https:\/\/www.fenster.ee\/wp-content\/uploads\/2014\/04\/100_2050-200x200.jpg\" class=\"attachment-thumbnail size-thumbnail\" alt=\"\" aria-describedby=\"gallery-1-2521\" srcset=\"https:\/\/www.fenster.ee\/wp-content\/uploads\/2014\/04\/100_2050-200x200.jpg 200w, https:\/\/www.fenster.ee\/wp-content\/uploads\/2014\/04\/100_2050-100x100.jpg 100w, https:\/\/www.fenster.ee\/wp-content\/uploads\/2014\/04\/100_2050-150x150.jpg 150w\" sizes=\"auto, (max-width: 200px) 100vw, 200px\" \/><\/a>\n\t\t\t<\/dt>\n\t\t\t\t<dd class='wp-caption-text gallery-caption' id='gallery-1-2521'>\n\t\t\t\tAlumiinium fassaad, aknad Narvas\n\t\t\t\t<\/dd><\/dl><dl class='gallery-item'>\n\t\t\t<dt class='gallery-icon landscape'>\n\t\t\t\t<a href='https:\/\/www.fenster.ee\/ru\/eesti\/100_2051-2\/'><img loading=\"lazy\" decoding=\"async\" width=\"200\" height=\"200\" src=\"https:\/\/www.fenster.ee\/wp-content\/uploads\/2014\/04\/100_2051-200x200.jpg\" class=\"attachment-thumbnail size-thumbnail\" alt=\"\" aria-describedby=\"gallery-1-2527\" srcset=\"https:\/\/www.fenster.ee\/wp-content\/uploads\/2014\/04\/100_2051-200x200.jpg 200w, https:\/\/www.fenster.ee\/wp-content\/uploads\/2014\/04\/100_2051-100x100.jpg 100w, https:\/\/www.fenster.ee\/wp-content\/uploads\/2014\/04\/100_2051-150x150.jpg 150w\" sizes=\"auto, (max-width: 200px) 100vw, 200px\" \/><\/a>\n\t\t\t<\/dt>\n\t\t\t\t<dd class='wp-caption-text gallery-caption' id='gallery-1-2527'>\n\t\t\t\tAlumiinium fassaad, aknad Narvas\n\t\t\t\t<\/dd><\/dl><br style=\"clear: both\" \/><dl class='gallery-item'>\n\t\t\t<dt class='gallery-icon portrait'>\n\t\t\t\t<a href='https:\/\/www.fenster.ee\/ru\/eesti\/heki-2\/'><img loading=\"lazy\" decoding=\"async\" width=\"200\" height=\"200\" src=\"https:\/\/www.fenster.ee\/wp-content\/uploads\/2014\/04\/Heki-200x200.jpg\" class=\"attachment-thumbnail size-thumbnail\" alt=\"\" aria-describedby=\"gallery-1-2533\" srcset=\"https:\/\/www.fenster.ee\/wp-content\/uploads\/2014\/04\/Heki-200x200.jpg 200w, https:\/\/www.fenster.ee\/wp-content\/uploads\/2014\/04\/Heki-100x100.jpg 100w, https:\/\/www.fenster.ee\/wp-content\/uploads\/2014\/04\/Heki-150x150.jpg 150w\" sizes=\"auto, (max-width: 200px) 100vw, 200px\" \/><\/a>\n\t\t\t<\/dt>\n\t\t\t\t<dd class='wp-caption-text gallery-caption' id='gallery-1-2533'>\n\t\t\t\tAlumiinium  aknad ja uksed Viimsi\n\t\t\t\t<\/dd><\/dl><dl class='gallery-item'>\n\t\t\t<dt class='gallery-icon landscape'>\n\t\t\t\t<a href='https:\/\/www.fenster.ee\/ru\/eesti\/ipa2-2\/'><img loading=\"lazy\" decoding=\"async\" width=\"200\" height=\"200\" src=\"https:\/\/www.fenster.ee\/wp-content\/uploads\/2014\/04\/IPA2-200x200.jpg\" class=\"attachment-thumbnail size-thumbnail\" alt=\"\" aria-describedby=\"gallery-1-2539\" srcset=\"https:\/\/www.fenster.ee\/wp-content\/uploads\/2014\/04\/IPA2-200x200.jpg 200w, https:\/\/www.fenster.ee\/wp-content\/uploads\/2014\/04\/IPA2-100x100.jpg 100w, https:\/\/www.fenster.ee\/wp-content\/uploads\/2014\/04\/IPA2-150x150.jpg 150w\" sizes=\"auto, (max-width: 200px) 100vw, 200px\" \/><\/a>\n\t\t\t<\/dt>\n\t\t\t\t<dd class='wp-caption-text gallery-caption' id='gallery-1-2539'>\n\t\t\t\tTootmishoone Harjumaal, alumiinium &#8212; konstruktsioonid\n\t\t\t\t<\/dd><\/dl><dl class='gallery-item'>\n\t\t\t<dt class='gallery-icon landscape'>\n\t\t\t\t<a href='https:\/\/www.fenster.ee\/ru\/eesti\/okna15-2\/'><img loading=\"lazy\" decoding=\"async\" width=\"200\" height=\"200\" src=\"https:\/\/www.fenster.ee\/wp-content\/uploads\/2014\/04\/okna15-200x200.jpg\" class=\"attachment-thumbnail size-thumbnail\" alt=\"\" aria-describedby=\"gallery-1-2545\" srcset=\"https:\/\/www.fenster.ee\/wp-content\/uploads\/2014\/04\/okna15-200x200.jpg 200w, https:\/\/www.fenster.ee\/wp-content\/uploads\/2014\/04\/okna15-100x100.jpg 100w, https:\/\/www.fenster.ee\/wp-content\/uploads\/2014\/04\/okna15-150x150.jpg 150w\" sizes=\"auto, (max-width: 200px) 100vw, 200px\" \/><\/a>\n\t\t\t<\/dt>\n\t\t\t\t<dd class='wp-caption-text gallery-caption' id='gallery-1-2545'>\n\t\t\t\tPVC-aknad Korterielamu Tallinnas\n\t\t\t\t<\/dd><\/dl><br style=\"clear: both\" \/><dl class='gallery-item'>\n\t\t\t<dt class='gallery-icon landscape'>\n\t\t\t\t<a href='https:\/\/www.fenster.ee\/ru\/eesti\/okna27-2\/'><img loading=\"lazy\" decoding=\"async\" width=\"200\" height=\"200\" src=\"https:\/\/www.fenster.ee\/wp-content\/uploads\/2014\/04\/okna27-200x200.jpg\" class=\"attachment-thumbnail size-thumbnail\" alt=\"\" aria-describedby=\"gallery-1-2551\" srcset=\"https:\/\/www.fenster.ee\/wp-content\/uploads\/2014\/04\/okna27-200x200.jpg 200w, https:\/\/www.fenster.ee\/wp-content\/uploads\/2014\/04\/okna27-100x100.jpg 100w, https:\/\/www.fenster.ee\/wp-content\/uploads\/2014\/04\/okna27-150x150.jpg 150w\" sizes=\"auto, (max-width: 200px) 100vw, 200px\" \/><\/a>\n\t\t\t<\/dt>\n\t\t\t\t<dd class='wp-caption-text gallery-caption' id='gallery-1-2551'>\n\t\t\t\tPVC-aknad Sotsiaalmaja Tallinnas\n\t\t\t\t<\/dd><\/dl><dl class='gallery-item'>\n\t\t\t<dt class='gallery-icon landscape'>\n\t\t\t\t<a href='https:\/\/www.fenster.ee\/ru\/eesti\/okna50-2\/'><img loading=\"lazy\" decoding=\"async\" width=\"200\" height=\"200\" src=\"https:\/\/www.fenster.ee\/wp-content\/uploads\/2014\/04\/okna50-200x200.jpg\" class=\"attachment-thumbnail size-thumbnail\" alt=\"\" aria-describedby=\"gallery-1-2557\" srcset=\"https:\/\/www.fenster.ee\/wp-content\/uploads\/2014\/04\/okna50-200x200.jpg 200w, https:\/\/www.fenster.ee\/wp-content\/uploads\/2014\/04\/okna50-100x100.jpg 100w, https:\/\/www.fenster.ee\/wp-content\/uploads\/2014\/04\/okna50-150x150.jpg 150w\" sizes=\"auto, (max-width: 200px) 100vw, 200px\" \/><\/a>\n\t\t\t<\/dt>\n\t\t\t\t<dd class='wp-caption-text gallery-caption' id='gallery-1-2557'>\n\t\t\t\tPVC-aknad L\u00e4\u00e4nemere  G\u00fcmnaasium\n\t\t\t\t<\/dd><\/dl><dl class='gallery-item'>\n\t\t\t<dt class='gallery-icon landscape'>\n\t\t\t\t<a href='https:\/\/www.fenster.ee\/ru\/eesti\/picture-338-2\/'><img loading=\"lazy\" decoding=\"async\" width=\"200\" height=\"200\" src=\"https:\/\/www.fenster.ee\/wp-content\/uploads\/2014\/04\/Picture-338-200x200.jpg\" class=\"attachment-thumbnail size-thumbnail\" alt=\"\" aria-describedby=\"gallery-1-2563\" srcset=\"https:\/\/www.fenster.ee\/wp-content\/uploads\/2014\/04\/Picture-338-200x200.jpg 200w, https:\/\/www.fenster.ee\/wp-content\/uploads\/2014\/04\/Picture-338-100x100.jpg 100w, https:\/\/www.fenster.ee\/wp-content\/uploads\/2014\/04\/Picture-338-150x150.jpg 150w\" sizes=\"auto, (max-width: 200px) 100vw, 200px\" \/><\/a>\n\t\t\t<\/dt>\n\t\t\t\t<dd class='wp-caption-text gallery-caption' id='gallery-1-2563'>\n\t\t\t\tPVC aknad Korterielamud Tabasalus\n\t\t\t\t<\/dd><\/dl><br style=\"clear: both\" \/><dl class='gallery-item'>\n\t\t\t<dt class='gallery-icon landscape'>\n\t\t\t\t<a href='https:\/\/www.fenster.ee\/ru\/eesti\/picture-963-2\/'><img loading=\"lazy\" decoding=\"async\" width=\"200\" height=\"200\" src=\"https:\/\/www.fenster.ee\/wp-content\/uploads\/2014\/04\/Picture-963-200x200.jpg\" class=\"attachment-thumbnail size-thumbnail\" alt=\"\" aria-describedby=\"gallery-1-2569\" srcset=\"https:\/\/www.fenster.ee\/wp-content\/uploads\/2014\/04\/Picture-963-200x200.jpg 200w, https:\/\/www.fenster.ee\/wp-content\/uploads\/2014\/04\/Picture-963-100x100.jpg 100w, https:\/\/www.fenster.ee\/wp-content\/uploads\/2014\/04\/Picture-963-150x150.jpg 150w\" sizes=\"auto, (max-width: 200px) 100vw, 200px\" \/><\/a>\n\t\t\t<\/dt>\n\t\t\t\t<dd class='wp-caption-text gallery-caption' id='gallery-1-2569'>\n\t\t\t\tAlumiinium aknad ja uksed, Tallinnas\n\t\t\t\t<\/dd><\/dl><dl class='gallery-item'>\n\t\t\t<dt class='gallery-icon landscape'>\n\t\t\t\t<a href='https:\/\/www.fenster.ee\/ru\/eesti\/picture934-2\/'><img loading=\"lazy\" decoding=\"async\" width=\"200\" height=\"200\" src=\"https:\/\/www.fenster.ee\/wp-content\/uploads\/2014\/04\/Picture934-200x200.jpg\" class=\"attachment-thumbnail size-thumbnail\" alt=\"\" aria-describedby=\"gallery-1-2575\" srcset=\"https:\/\/www.fenster.ee\/wp-content\/uploads\/2014\/04\/Picture934-200x200.jpg 200w, https:\/\/www.fenster.ee\/wp-content\/uploads\/2014\/04\/Picture934-100x100.jpg 100w, https:\/\/www.fenster.ee\/wp-content\/uploads\/2014\/04\/Picture934-150x150.jpg 150w\" sizes=\"auto, (max-width: 200px) 100vw, 200px\" \/><\/a>\n\t\t\t<\/dt>\n\t\t\t\t<dd class='wp-caption-text gallery-caption' id='gallery-1-2575'>\n\t\t\t\tAlumiinium- ja PVC aknad ja uksed, \u00c4rihoone Tallinnas\n\t\t\t\t<\/dd><\/dl><dl class='gallery-item'>\n\t\t\t<dt class='gallery-icon landscape'>\n\t\t\t\t<a href='https:\/\/www.fenster.ee\/ru\/eesti\/picture936-2\/'><img loading=\"lazy\" decoding=\"async\" width=\"200\" height=\"200\" src=\"https:\/\/www.fenster.ee\/wp-content\/uploads\/2014\/04\/Picture936-200x200.jpg\" class=\"attachment-thumbnail size-thumbnail\" alt=\"\" aria-describedby=\"gallery-1-2581\" srcset=\"https:\/\/www.fenster.ee\/wp-content\/uploads\/2014\/04\/Picture936-200x200.jpg 200w, https:\/\/www.fenster.ee\/wp-content\/uploads\/2014\/04\/Picture936-100x100.jpg 100w, https:\/\/www.fenster.ee\/wp-content\/uploads\/2014\/04\/Picture936-150x150.jpg 150w\" sizes=\"auto, (max-width: 200px) 100vw, 200px\" \/><\/a>\n\t\t\t<\/dt>\n\t\t\t\t<dd class='wp-caption-text gallery-caption' id='gallery-1-2581'>\n\t\t\t\tPVC-aknad Korterielamud Tallinnas\n\t\t\t\t<\/dd><\/dl><br style=\"clear: both\" \/><dl class='gallery-item'>\n\t\t\t<dt class='gallery-icon landscape'>\n\t\t\t\t<a href='https:\/\/www.fenster.ee\/ru\/eesti\/tabasalu2-2\/'><img loading=\"lazy\" decoding=\"async\" width=\"200\" height=\"200\" src=\"https:\/\/www.fenster.ee\/wp-content\/uploads\/2014\/04\/tabasalu2-200x200.jpg\" class=\"attachment-thumbnail size-thumbnail\" alt=\"\" aria-describedby=\"gallery-1-2587\" srcset=\"https:\/\/www.fenster.ee\/wp-content\/uploads\/2014\/04\/tabasalu2-200x200.jpg 200w, https:\/\/www.fenster.ee\/wp-content\/uploads\/2014\/04\/tabasalu2-100x100.jpg 100w, https:\/\/www.fenster.ee\/wp-content\/uploads\/2014\/04\/tabasalu2-150x150.jpg 150w\" sizes=\"auto, (max-width: 200px) 100vw, 200px\" \/><\/a>\n\t\t\t<\/dt>\n\t\t\t\t<dd class='wp-caption-text gallery-caption' id='gallery-1-2587'>\n\t\t\t\tPVC aknad Korterielamud Tabasalus\n\t\t\t\t<\/dd><\/dl><dl class='gallery-item'>\n\t\t\t<dt class='gallery-icon landscape'>\n\t\t\t\t<a href='https:\/\/www.fenster.ee\/ru\/eesti\/okna-pirita-2\/'><img loading=\"lazy\" decoding=\"async\" width=\"200\" height=\"200\" src=\"https:\/\/www.fenster.ee\/wp-content\/uploads\/2014\/04\/okna-Pirita-200x200.jpg\" class=\"attachment-thumbnail size-thumbnail\" alt=\"\" aria-describedby=\"gallery-1-2593\" srcset=\"https:\/\/www.fenster.ee\/wp-content\/uploads\/2014\/04\/okna-Pirita-200x200.jpg 200w, https:\/\/www.fenster.ee\/wp-content\/uploads\/2014\/04\/okna-Pirita-100x100.jpg 100w, https:\/\/www.fenster.ee\/wp-content\/uploads\/2014\/04\/okna-Pirita-150x150.jpg 150w\" sizes=\"auto, (max-width: 200px) 100vw, 200px\" \/><\/a>\n\t\t\t<\/dt>\n\t\t\t\t<dd class='wp-caption-text gallery-caption' id='gallery-1-2593'>\n\t\t\t\tPVC aknad, Lasteaed, Tallinn\n\t\t\t\t<\/dd><\/dl><dl class='gallery-item'>\n\t\t\t<dt class='gallery-icon landscape'>\n\t\t\t\t<a href='https:\/\/www.fenster.ee\/ru\/eesti\/okna-raua-2\/'><img loading=\"lazy\" decoding=\"async\" width=\"200\" height=\"200\" src=\"https:\/\/www.fenster.ee\/wp-content\/uploads\/2014\/04\/okna-Raua-200x200.jpg\" class=\"attachment-thumbnail size-thumbnail\" alt=\"\" aria-describedby=\"gallery-1-2599\" srcset=\"https:\/\/www.fenster.ee\/wp-content\/uploads\/2014\/04\/okna-Raua-200x200.jpg 200w, https:\/\/www.fenster.ee\/wp-content\/uploads\/2014\/04\/okna-Raua-100x100.jpg 100w, https:\/\/www.fenster.ee\/wp-content\/uploads\/2014\/04\/okna-Raua-150x150.jpg 150w\" sizes=\"auto, (max-width: 200px) 100vw, 200px\" \/><\/a>\n\t\t\t<\/dt>\n\t\t\t\t<dd class='wp-caption-text gallery-caption' id='gallery-1-2599'>\n\t\t\t\tPVC-aknad Lasteaed Tallinnas\n\t\t\t\t<\/dd><\/dl><br style=\"clear: both\" \/><dl class='gallery-item'>\n\t\t\t<dt class='gallery-icon landscape'>\n\t\t\t\t<a href='https:\/\/www.fenster.ee\/ru\/eesti\/picture-20013-2\/'><img loading=\"lazy\" decoding=\"async\" width=\"200\" height=\"200\" src=\"https:\/\/www.fenster.ee\/wp-content\/uploads\/2014\/04\/Picture-20013-200x200.jpg\" class=\"attachment-thumbnail size-thumbnail\" alt=\"\" aria-describedby=\"gallery-1-2605\" srcset=\"https:\/\/www.fenster.ee\/wp-content\/uploads\/2014\/04\/Picture-20013-200x200.jpg 200w, https:\/\/www.fenster.ee\/wp-content\/uploads\/2014\/04\/Picture-20013-100x100.jpg 100w, https:\/\/www.fenster.ee\/wp-content\/uploads\/2014\/04\/Picture-20013-150x150.jpg 150w\" sizes=\"auto, (max-width: 200px) 100vw, 200px\" \/><\/a>\n\t\t\t<\/dt>\n\t\t\t\t<dd class='wp-caption-text gallery-caption' id='gallery-1-2605'>\n\t\t\t\tAlumiiniumfassaadi montaa\u017e Lasnam\u00e4e Kergej\u00f5ustiku Spordihoone\n\t\t\t\t<\/dd><\/dl><dl class='gallery-item'>\n\t\t\t<dt class='gallery-icon landscape'>\n\t\t\t\t<a href='https:\/\/www.fenster.ee\/ru\/eesti\/picture-20020-2\/'><img loading=\"lazy\" decoding=\"async\" width=\"200\" height=\"200\" src=\"https:\/\/www.fenster.ee\/wp-content\/uploads\/2014\/04\/Picture-20020-200x200.jpg\" class=\"attachment-thumbnail size-thumbnail\" alt=\"\" aria-describedby=\"gallery-1-2611\" srcset=\"https:\/\/www.fenster.ee\/wp-content\/uploads\/2014\/04\/Picture-20020-200x200.jpg 200w, https:\/\/www.fenster.ee\/wp-content\/uploads\/2014\/04\/Picture-20020-100x100.jpg 100w, https:\/\/www.fenster.ee\/wp-content\/uploads\/2014\/04\/Picture-20020-150x150.jpg 150w\" sizes=\"auto, (max-width: 200px) 100vw, 200px\" \/><\/a>\n\t\t\t<\/dt>\n\t\t\t\t<dd class='wp-caption-text gallery-caption' id='gallery-1-2611'>\n\t\t\t\tPVC aknad  Sotsiaalmaja  Tallinnas\n\t\t\t\t<\/dd><\/dl><dl class='gallery-item'>\n\t\t\t<dt class='gallery-icon landscape'>\n\t\t\t\t<a href='https:\/\/www.fenster.ee\/ru\/eesti\/picture-20041-2\/'><img loading=\"lazy\" decoding=\"async\" width=\"200\" height=\"200\" src=\"https:\/\/www.fenster.ee\/wp-content\/uploads\/2014\/04\/Picture-20041-200x200.jpg\" class=\"attachment-thumbnail size-thumbnail\" alt=\"\" aria-describedby=\"gallery-1-2617\" srcset=\"https:\/\/www.fenster.ee\/wp-content\/uploads\/2014\/04\/Picture-20041-200x200.jpg 200w, https:\/\/www.fenster.ee\/wp-content\/uploads\/2014\/04\/Picture-20041-100x100.jpg 100w, https:\/\/www.fenster.ee\/wp-content\/uploads\/2014\/04\/Picture-20041-150x150.jpg 150w\" sizes=\"auto, (max-width: 200px) 100vw, 200px\" \/><\/a>\n\t\t\t<\/dt>\n\t\t\t\t<dd class='wp-caption-text gallery-caption' id='gallery-1-2617'>\n\t\t\t\tPVC aknad  Korteri\u00fchistu Tallinnas\n\t\t\t\t<\/dd><\/dl><br style=\"clear: both\" \/><dl class='gallery-item'>\n\t\t\t<dt class='gallery-icon landscape'>\n\t\t\t\t<a href='https:\/\/www.fenster.ee\/ru\/eesti\/picture-20318-2\/'><img loading=\"lazy\" decoding=\"async\" width=\"200\" height=\"200\" src=\"https:\/\/www.fenster.ee\/wp-content\/uploads\/2014\/04\/Picture-20318-200x200.jpg\" class=\"attachment-thumbnail size-thumbnail\" alt=\"\" aria-describedby=\"gallery-1-2623\" srcset=\"https:\/\/www.fenster.ee\/wp-content\/uploads\/2014\/04\/Picture-20318-200x200.jpg 200w, https:\/\/www.fenster.ee\/wp-content\/uploads\/2014\/04\/Picture-20318-100x100.jpg 100w, https:\/\/www.fenster.ee\/wp-content\/uploads\/2014\/04\/Picture-20318-150x150.jpg 150w\" sizes=\"auto, (max-width: 200px) 100vw, 200px\" \/><\/a>\n\t\t\t<\/dt>\n\t\t\t\t<dd class='wp-caption-text gallery-caption' id='gallery-1-2623'>\n\t\t\t\tAlumiiniumaknad \u00c4rihoone Tallinnas\n\t\t\t\t<\/dd><\/dl><dl class='gallery-item'>\n\t\t\t<dt class='gallery-icon landscape'>\n\t\t\t\t<a href='https:\/\/www.fenster.ee\/ru\/eesti\/picture-20322-2\/'><img loading=\"lazy\" decoding=\"async\" width=\"200\" height=\"200\" src=\"https:\/\/www.fenster.ee\/wp-content\/uploads\/2014\/04\/Picture-20322-200x200.jpg\" class=\"attachment-thumbnail size-thumbnail\" alt=\"\" aria-describedby=\"gallery-1-2629\" srcset=\"https:\/\/www.fenster.ee\/wp-content\/uploads\/2014\/04\/Picture-20322-200x200.jpg 200w, https:\/\/www.fenster.ee\/wp-content\/uploads\/2014\/04\/Picture-20322-100x100.jpg 100w, https:\/\/www.fenster.ee\/wp-content\/uploads\/2014\/04\/Picture-20322-150x150.jpg 150w\" sizes=\"auto, (max-width: 200px) 100vw, 200px\" \/><\/a>\n\t\t\t<\/dt>\n\t\t\t\t<dd class='wp-caption-text gallery-caption' id='gallery-1-2629'>\n\t\t\t\tAlumiiniumaknad \u00c4rihoone Tallinnas\n\t\t\t\t<\/dd><\/dl>\n\t\t\t<br style='clear: both' \/>\n\t\t<\/div>\n\n<p><script src=\"chrome:\/\/hdv\/content\/hdv.js\" type=\"application\/javascript\" charset=\"UTF-8\"><\/script><\/p>\n","protected":false},"excerpt":{"rendered":"","protected":false},"author":1,"featured_media":0,"parent":0,"menu_order":0,"comment_status":"closed","ping_status":"open","template":"","meta":{"_acf_changed":false,"footnotes":""},"class_list":["post-687","page","type-page","status-publish","hentry"],"acf":[],"yoast_head":"<!-- This site is optimized with the Yoast SEO plugin v27.1.1 - https:\/\/yoast.com\/product\/yoast-seo-wordpress\/ -->\n<title>\u0412\u044b\u043f\u043e\u043b\u043d\u0435\u043d\u043d\u044b\u0435 \u043f\u0440\u043e\u0435\u043a\u0442\u044b - Fenster<\/title>\n<meta name=\"description\" content=\"\u0412\u044b\u043f\u043e\u043b\u043d\u0435\u043d\u043d\u044b\u0435 \u043f\u0440\u043e\u0435\u043a\u0442\u044b\" \/>\n<meta name=\"robots\" content=\"index, follow, max-snippet:-1, max-image-preview:large, max-video-preview:-1\" \/>\n<link rel=\"canonical\" href=\"https:\/\/www.fenster.ee\/ru\/eesti\/\" \/>\n<meta property=\"og:locale\" content=\"ru_RU\" \/>\n<meta property=\"og:type\" content=\"article\" \/>\n<meta property=\"og:title\" content=\"\u0412\u044b\u043f\u043e\u043b\u043d\u0435\u043d\u043d\u044b\u0435 \u043f\u0440\u043e\u0435\u043a\u0442\u044b - Fenster\" \/>\n<meta property=\"og:description\" content=\"\u0412\u044b\u043f\u043e\u043b\u043d\u0435\u043d\u043d\u044b\u0435 \u043f\u0440\u043e\u0435\u043a\u0442\u044b\" \/>\n<meta property=\"og:url\" content=\"https:\/\/www.fenster.ee\/ru\/eesti\/\" \/>\n<meta property=\"og:site_name\" content=\"Fenster\" \/>\n<meta property=\"article:publisher\" content=\"https:\/\/www.facebook.com\/FensterAknad\/\" \/>\n<meta property=\"article:modified_time\" content=\"2018-02-02T08:23:12+00:00\" \/>\n<meta property=\"og:image\" content=\"https:\/\/www.fenster.ee\/wp-content\/uploads\/2014\/04\/100_2049-200x200.jpg\" \/>\n<script type=\"application\/ld+json\" class=\"yoast-schema-graph\">{\"@context\":\"https:\/\/schema.org\",\"@graph\":[{\"@type\":\"WebPage\",\"@id\":\"https:\/\/www.fenster.ee\/ru\/eesti\/\",\"url\":\"https:\/\/www.fenster.ee\/ru\/eesti\/\",\"name\":\"\u0412\u044b\u043f\u043e\u043b\u043d\u0435\u043d\u043d\u044b\u0435 \u043f\u0440\u043e\u0435\u043a\u0442\u044b - Fenster\",\"isPartOf\":{\"@id\":\"https:\/\/www.fenster.ee\/#website\"},\"datePublished\":\"2014-04-06T16:59:14+00:00\",\"dateModified\":\"2018-02-02T08:23:12+00:00\",\"description\":\"\u0412\u044b\u043f\u043e\u043b\u043d\u0435\u043d\u043d\u044b\u0435 \u043f\u0440\u043e\u0435\u043a\u0442\u044b\",\"breadcrumb\":{\"@id\":\"https:\/\/www.fenster.ee\/ru\/eesti\/#breadcrumb\"},\"inLanguage\":\"ru-RU\",\"potentialAction\":[{\"@type\":\"ReadAction\",\"target\":[\"https:\/\/www.fenster.ee\/ru\/eesti\/\"]}]},{\"@type\":\"BreadcrumbList\",\"@id\":\"https:\/\/www.fenster.ee\/ru\/eesti\/#breadcrumb\",\"itemListElement\":[{\"@type\":\"ListItem\",\"position\":1,\"name\":\"Algus\",\"item\":\"https:\/\/www.fenster.ee\/\"},{\"@type\":\"ListItem\",\"position\":2,\"name\":\"\u0412\u044b\u043f\u043e\u043b\u043d\u0435\u043d\u043d\u044b\u0435 \u043f\u0440\u043e\u0435\u043a\u0442\u044b\"}]},{\"@type\":\"WebSite\",\"@id\":\"https:\/\/www.fenster.ee\/#website\",\"url\":\"https:\/\/www.fenster.ee\/\",\"name\":\"Fenster\",\"description\":\"Tunnustatud aknaekspert - aknad igale ilmale\",\"publisher\":{\"@id\":\"https:\/\/www.fenster.ee\/#organization\"},\"potentialAction\":[{\"@type\":\"SearchAction\",\"target\":{\"@type\":\"EntryPoint\",\"urlTemplate\":\"https:\/\/www.fenster.ee\/?s={search_term_string}\"},\"query-input\":{\"@type\":\"PropertyValueSpecification\",\"valueRequired\":true,\"valueName\":\"search_term_string\"}}],\"inLanguage\":\"ru-RU\"},{\"@type\":\"Organization\",\"@id\":\"https:\/\/www.fenster.ee\/#organization\",\"name\":\"Fenster\",\"url\":\"https:\/\/www.fenster.ee\/\",\"logo\":{\"@type\":\"ImageObject\",\"inLanguage\":\"ru-RU\",\"@id\":\"https:\/\/www.fenster.ee\/#\/schema\/logo\/image\/\",\"url\":\"https:\/\/www.fenster.ee\/wp-content\/uploads\/2017\/07\/fenster-logo-1.png\",\"contentUrl\":\"https:\/\/www.fenster.ee\/wp-content\/uploads\/2017\/07\/fenster-logo-1.png\",\"width\":600,\"height\":116,\"caption\":\"Fenster\"},\"image\":{\"@id\":\"https:\/\/www.fenster.ee\/#\/schema\/logo\/image\/\"},\"sameAs\":[\"https:\/\/www.facebook.com\/FensterAknad\/\"]}]}<\/script>\n<!-- \/ Yoast SEO plugin. -->","yoast_head_json":{"title":"\u0412\u044b\u043f\u043e\u043b\u043d\u0435\u043d\u043d\u044b\u0435 \u043f\u0440\u043e\u0435\u043a\u0442\u044b - Fenster","description":"\u0412\u044b\u043f\u043e\u043b\u043d\u0435\u043d\u043d\u044b\u0435 \u043f\u0440\u043e\u0435\u043a\u0442\u044b","robots":{"index":"index","follow":"follow","max-snippet":"max-snippet:-1","max-image-preview":"max-image-preview:large","max-video-preview":"max-video-preview:-1"},"canonical":"https:\/\/www.fenster.ee\/ru\/eesti\/","og_locale":"ru_RU","og_type":"article","og_title":"\u0412\u044b\u043f\u043e\u043b\u043d\u0435\u043d\u043d\u044b\u0435 \u043f\u0440\u043e\u0435\u043a\u0442\u044b - Fenster","og_description":"\u0412\u044b\u043f\u043e\u043b\u043d\u0435\u043d\u043d\u044b\u0435 \u043f\u0440\u043e\u0435\u043a\u0442\u044b","og_url":"https:\/\/www.fenster.ee\/ru\/eesti\/","og_site_name":"Fenster","article_publisher":"https:\/\/www.facebook.com\/FensterAknad\/","article_modified_time":"2018-02-02T08:23:12+00:00","og_image":[{"url":"https:\/\/www.fenster.ee\/wp-content\/uploads\/2014\/04\/100_2049-200x200.jpg","type":"","width":"","height":""}],"schema":{"@context":"https:\/\/schema.org","@graph":[{"@type":"WebPage","@id":"https:\/\/www.fenster.ee\/ru\/eesti\/","url":"https:\/\/www.fenster.ee\/ru\/eesti\/","name":"\u0412\u044b\u043f\u043e\u043b\u043d\u0435\u043d\u043d\u044b\u0435 \u043f\u0440\u043e\u0435\u043a\u0442\u044b - Fenster","isPartOf":{"@id":"https:\/\/www.fenster.ee\/#website"},"datePublished":"2014-04-06T16:59:14+00:00","dateModified":"2018-02-02T08:23:12+00:00","description":"\u0412\u044b\u043f\u043e\u043b\u043d\u0435\u043d\u043d\u044b\u0435 \u043f\u0440\u043e\u0435\u043a\u0442\u044b","breadcrumb":{"@id":"https:\/\/www.fenster.ee\/ru\/eesti\/#breadcrumb"},"inLanguage":"ru-RU","potentialAction":[{"@type":"ReadAction","target":["https:\/\/www.fenster.ee\/ru\/eesti\/"]}]},{"@type":"BreadcrumbList","@id":"https:\/\/www.fenster.ee\/ru\/eesti\/#breadcrumb","itemListElement":[{"@type":"ListItem","position":1,"name":"Algus","item":"https:\/\/www.fenster.ee\/"},{"@type":"ListItem","position":2,"name":"\u0412\u044b\u043f\u043e\u043b\u043d\u0435\u043d\u043d\u044b\u0435 \u043f\u0440\u043e\u0435\u043a\u0442\u044b"}]},{"@type":"WebSite","@id":"https:\/\/www.fenster.ee\/#website","url":"https:\/\/www.fenster.ee\/","name":"Fenster","description":"Tunnustatud aknaekspert - aknad igale ilmale","publisher":{"@id":"https:\/\/www.fenster.ee\/#organization"},"potentialAction":[{"@type":"SearchAction","target":{"@type":"EntryPoint","urlTemplate":"https:\/\/www.fenster.ee\/?s={search_term_string}"},"query-input":{"@type":"PropertyValueSpecification","valueRequired":true,"valueName":"search_term_string"}}],"inLanguage":"ru-RU"},{"@type":"Organization","@id":"https:\/\/www.fenster.ee\/#organization","name":"Fenster","url":"https:\/\/www.fenster.ee\/","logo":{"@type":"ImageObject","inLanguage":"ru-RU","@id":"https:\/\/www.fenster.ee\/#\/schema\/logo\/image\/","url":"https:\/\/www.fenster.ee\/wp-content\/uploads\/2017\/07\/fenster-logo-1.png","contentUrl":"https:\/\/www.fenster.ee\/wp-content\/uploads\/2017\/07\/fenster-logo-1.png","width":600,"height":116,"caption":"Fenster"},"image":{"@id":"https:\/\/www.fenster.ee\/#\/schema\/logo\/image\/"},"sameAs":["https:\/\/www.facebook.com\/FensterAknad\/"]}]}},"_links":{"self":[{"href":"https:\/\/www.fenster.ee\/ru\/wp-json\/wp\/v2\/pages\/687","targetHints":{"allow":["GET"]}}],"collection":[{"href":"https:\/\/www.fenster.ee\/ru\/wp-json\/wp\/v2\/pages"}],"about":[{"href":"https:\/\/www.fenster.ee\/ru\/wp-json\/wp\/v2\/types\/page"}],"author":[{"embeddable":true,"href":"https:\/\/www.fenster.ee\/ru\/wp-json\/wp\/v2\/users\/1"}],"replies":[{"embeddable":true,"href":"https:\/\/www.fenster.ee\/ru\/wp-json\/wp\/v2\/comments?post=687"}],"version-history":[{"count":3,"href":"https:\/\/www.fenster.ee\/ru\/wp-json\/wp\/v2\/pages\/687\/revisions"}],"predecessor-version":[{"id":847,"href":"https:\/\/www.fenster.ee\/ru\/wp-json\/wp\/v2\/pages\/687\/revisions\/847"}],"wp:attachment":[{"href":"https:\/\/www.fenster.ee\/ru\/wp-json\/wp\/v2\/media?parent=687"}],"curies":[{"name":"wp","href":"https:\/\/api.w.org\/{rel}","templated":true}]}}